{"id":227,"date":"2019-02-27T14:03:37","date_gmt":"2019-02-27T12:03:37","guid":{"rendered":"https:\/\/new.cardu.com\/?page_id=227"},"modified":"2019-05-06T13:39:44","modified_gmt":"2019-05-06T10:39:44","slug":"faq","status":"publish","type":"page","link":"https:\/\/www.cardu.com\/se\/faq\/","title":{"rendered":"FAQ"},"content":{"rendered":"<h1 class=\"display\">Yleisimmin kysytyt kysymykset<\/h1>\n<h4>Miten lataan Cardu mobiilikortti sovelluksen puhelimeeni?<\/h4>\n<p>Sovelluksen lataamiseen on useita keinoja: Voit menn\u00e4 sovelluskauppaasi ja etsi\u00e4 sovellusta nimell\u00e4 Cardu tai k\u00e4ytt\u00e4\u00e4\u00a0<a href=\"https:\/\/www.cardu.com\/\">www.cardu.com<\/a> etusivulta l\u00f6ytyvi\u00e4 latauslinkkej\u00e4. Lis\u00e4ksi sovelluksen latauslinkki l\u00e4hetet\u00e4\u00e4n puhelimeesi ensimm\u00e4isen kerran kun olet lis\u00e4\u00e4m\u00e4ss\u00e4 korttia itsellesi esimerkiksi myym\u00e4l\u00e4ss\u00e4 QR \u2013koodin avulla.<\/p>\n<h4>Mist\u00e4 johtuu, ett\u00e4 en p\u00e4\u00e4se lataamaan sovellusta?<\/h4>\n<p>Cardun saa l\u00e4hes kaikkiin \u00e4lypuhelinmalleihin, mutta listasta saattaa puuttua joitakin vanhempia laitteita. Tarkista my\u00f6s, ett\u00e4 sinulla on k\u00e4ytt\u00e4j\u00e4tunnukset sovelluskauppaasi. Ne t\u00e4ytyy luoda, mik\u00e4li vierailet siell\u00e4 ensimm\u00e4ist\u00e4 kertaa. Mik\u00e4li rekister\u00f6itymisess\u00e4 tai muussa sovelluksen k\u00e4yt\u00f6ss\u00e4 ilmenee ongelmia, ole yhteydess\u00e4 Cardu tukeen\u00a0<a href=\"mailto:support@cardu.com\">support@cardu.com<\/a>. S\u00e4hk\u00f6postiin on hyv\u00e4 liitt\u00e4\u00e4 mahdollisimman selke\u00e4 kuvaus ongelmasta ja puhelinnumerosi.<\/p>\n<h4>Miksi sovellukseen pit\u00e4\u00e4 rekister\u00f6ity\u00e4?<\/h4>\n<p>Rekister\u00f6ityminen vaaditaan, jotta kortit voidaan jakaa oikeisiin osoitteisiin ja ett\u00e4 korteissa\u00a0olevat tiedot voidaan yksil\u00f6id\u00e4. Sovelluksen sis\u00e4ll\u00e4 voidaan jakaa useita erilaisia korttityyppej\u00e4 ja osaa niist\u00e4 ei n\u00e4y yleisesti palvelussa, vaan ne jaetaan suoraan nimetyille k\u00e4ytt\u00e4jille.<\/p>\n<h4>Miksi k\u00e4ytt\u00e4j\u00e4tili pit\u00e4\u00e4 aktivoida ja l\u00e4hett\u00e4\u00e4k\u00f6 sovellus maksullisia tekstiviestej\u00e4?<\/h4>\n<p>Moni palvelussa oleva kortti jaetaan suoraan yrityksen\/j\u00e4rjest\u00f6n toimesta j\u00e4senelle ja jakelua varten tarvitsemme k\u00e4ytt\u00e4j\u00e4n puhelinnumeron. Aktivointi varmistaa parhaan mahdollisen tietoturvan ja yksil\u00f6idyn sis\u00e4ll\u00f6n kuten eri korttitasojen, henkil\u00f6kohtaisten korttien (kuten yrityskortit ja liittokortit) sek\u00e4 yksil\u00f6ityjen etujen tarjoamisen. Sovellus ei l\u00e4het\u00e4 tekstiviestej\u00e4.<\/p>\n<h4>Miksi puhelinnumeroa k\u00e4ytet\u00e4\u00e4n k\u00e4ytt\u00e4j\u00e4tilin aktivointiin ja miksi puhelinnumero varmennetaan aina, jos puhelinnumeroa muuttaa profiilista?<\/h4>\n<p>Moni palvelussa oleva kortti jaetaan suoraan yrityksen\/j\u00e4rjest\u00f6n toimesta j\u00e4senelle ja jakelua varten tarvitsemme k\u00e4ytt\u00e4j\u00e4n puhelinnumeron. Puhelinnumerot varmistetaan, jotta saat juuri sinulle kuuluvan kortin ja ett\u00e4 kortteja ei jaeta v\u00e4\u00e4rille k\u00e4ytt\u00e4jille.<\/p>\n<h4>Maksaako Cardu mobiilikortti ja sen k\u00e4ytt\u00f6?<\/h4>\n<p>Cardu-sovellus on ilmainen. Mahdollisia kuluja voi kerty\u00e4 datayhteyden k\u00e4yt\u00f6st\u00e4, jota k\u00e4ytet\u00e4\u00e4n esimerkiksi sovelluksen latauksen ja korttien sis\u00e4lt\u00f6jen latauksien yhteydess\u00e4. Datayhteyksien k\u00e4ytt\u00f6kulut m\u00e4\u00e4r\u00e4ytyv\u00e4t operaattorisi hinnaston mukaisesti. Wlan -yhteyksi\u00e4 k\u00e4ytett\u00e4ess\u00e4 puhelinliittym\u00e4n datayhteysmaksua ei kerry.<\/p>\n<h4>Tarvitsenko internetyhteytt\u00e4 k\u00e4ytt\u00e4\u00e4kseni Cardua?<\/h4>\n<p>Sovelluksen lataus ja asennus eiv\u00e4t ole mahdollisia ilman internet-\/datayhteytt\u00e4. Korttien perustiedot talletaan offline-k\u00e4ytt\u00f6\u00e4 varten jolloin p\u00e4\u00e4set tarkastelemaan niit\u00e4 my\u00f6s ilman internet-yhteytt\u00e4 (olettaen ett\u00e4 olet joskus k\u00e4ynyt tarkastelemassa kyseisi\u00e4 sis\u00e4lt\u00f6j\u00e4). Omia kortteja ja korttien perustietoja, kuten yhteystietoja, p\u00e4\u00e4set tarkastelemaan my\u00f6s ilman internetyhteytt\u00e4. Ilmoitukset, mainokset, yms. tarvitsevat internetyhteyden, sill\u00e4 muutoin emme voi varmentaa erilaisten ilmoitusten sis\u00e4ll\u00f6n ajantasaisuutta.<\/p>\n<h4>Vaihdan puhelinta, miten saan Cardun k\u00e4ytt\u00f6\u00f6ni toisessa puhelimessa?<\/h4>\n<p>Cardun sis\u00e4lt\u00f6 ja tiedot on sidottu k\u00e4ytt\u00e4j\u00e4tunnukseesi. Esimerkiksi ostaessasi uuden puhelimen, voit poistaa sovelluksen aikaisemmasta puhelimesta ja ladata sen uuteen puhelimeen, mink\u00e4 j\u00e4lkeen kirjaudut tunnuksillasi ja omat korttisi latautuvat j\u00e4lleen sovellukseen uudessa puhelimessasi. Profiilisi ja korttitietosi ovat turvassa Cardun palvelussa.<\/p>\n<h4>Unohdin salasanani, enk\u00e4 p\u00e4\u00e4se en\u00e4\u00e4 kirjautumaan Carduun. Mit\u00e4 teen?<\/h4>\n<p>Avatessasi sovelluksen puhelimesta ja menem\u00e4ll\u00e4 kirjautumisn\u00e4kym\u00e4\u00e4n, valitse vaihtoehto \u2018Salasana unohtunut?\u2019. Salasanan vaihtolinkin voi tilata s\u00e4hk\u00f6postiin.<\/p>\n<h4>Miten muokkaan k\u00e4ytt\u00e4j\u00e4profiiliani?<\/h4>\n<p>Voit muokata puhelinnumeroasi (Vaatii uuden vahvistuksen tekstiviestill\u00e4), nime\u00e4si ja vaihtaa salasanan profiilitiedoistasi. Mik\u00e4li sinulla on tarve vaihtaa s\u00e4hk\u00f6postiosoitettasi, l\u00e4het\u00e4 s\u00e4hk\u00f6postia\u00a0<a href=\"mailto:support@cardu.com\">support@cardu.com<\/a>.<\/p>\n<h4>Palvelusta ei l\u00f6ydy haluamiani kortteja, miten toimin?<\/h4>\n<p>Osa korteista ei n\u00e4y suoraan kuluttajille ja on saatavilla vain kortin omistavan tahon toimesta, voit siis kysy\u00e4 onko yrityksell\u00e4\/j\u00e4rjest\u00f6ll\u00e4 korttia palvelussamme. Uusia korttiehdotuksia voit laittaa meille my\u00f6s s\u00e4hk\u00f6postitse osoitteeseen:\u00a0<a href=\"mailto:support@cardu.com\">support@cardu.com<\/a>. Pyrimme huomioimaan kuluttajien toiveet mahdollisimman hyvin ja lis\u00e4\u00e4mme kortteja palveluun s\u00e4\u00e4nn\u00f6llisesti.<\/p>\n<h4>Miten Cardussa olevia kanta-asiakaskortteja voi k\u00e4ytt\u00e4\u00e4?<\/h4>\n<p>Vain osa korteista toimii kanta-asiakaskorttina kassalla. T\u00e4st\u00e4 l\u00f6ytyy yleens\u00e4 maininta kortin info-n\u00e4kym\u00e4ss\u00e4 tai itse tarjouksessa. Voit kysy\u00e4 lis\u00e4tietoja my\u00f6s kortin omistavalta taholta. Kupongit ja leimapassit ovat yleisesti kassalla k\u00e4ytett\u00e4vi\u00e4 toiminnallisuuksia, n\u00e4ytt\u00e4m\u00e4ll\u00e4 kuponkia taikka leimapassia kassahenkil\u00f6lle, saat ohjeita ja lis\u00e4tietoa. Cardussa korttisi pysyv\u00e4t tallessa ja Cardu mobiilikortin avulla tied\u00e4t aina mit\u00e4 etuja sinulle kuuluu ja miss\u00e4 ne voi hy\u00f6dynt\u00e4\u00e4.<\/p>\n<h4>Mik\u00e4 on mobiilileimapassi?<\/h4>\n<p>Leimapassi on Cardun digitaalinen versio perinteisest\u00e4 leimapassista. Avaa leimapassin\u00e4kym\u00e4 ja lue kassahenkil\u00f6kunnan n\u00e4ytt\u00e4m\u00e4 QR-koodi Cardun Qr-koodinlukijalla. Leimapassin k\u00e4ytt\u00f6 vaatii aina internet-\/datayhteyden, sill\u00e4 leimat ovat osa henkil\u00f6kohtaisia k\u00e4ytt\u00e4j\u00e4tietojasi. Leimapassin tarkempia k\u00e4ytt\u00f6ohjeita on yleisesti kirjoitettu my\u00f6s itse leimapassiin ja ovat yleens\u00e4 leimapassikohtaisia. Leimapassit eiv\u00e4t mene hukkaan ja kulkevat aina mukanasi. Mik\u00e4li puhelimesi rikkoutuu tai katoaa, saat omat leimapassisi k\u00e4ytt\u00f6\u00f6n my\u00f6s uudessa puhelimessa, sill\u00e4 henkil\u00f6kohtaiset tietosi pysyv\u00e4t tallessa Cardu-palvelussa.<\/p>\n<h4>Miten Cardu leimapassi leimataan?<\/h4>\n<p>Leiman ansaittuasi, paina Qr-koodikuvaketta aloitusn\u00e4yt\u00f6ss\u00e4. Osoita kuvaajalla kassan n\u00e4ytt\u00e4m\u00e4\u00e4 QR-koodia. Leimaaminen on t\u00e4m\u00e4n j\u00e4lkeen automaattista.<\/p>\n<h4>Mik\u00e4 on mobiilikuponki?<\/h4>\n<p>Kuponki on Cardun digitaalinen versio perinteisest\u00e4 paperikupongista. Kupongit ovat kertak\u00e4ytt\u00f6isi\u00e4 ja ne k\u00e4ytet\u00e4\u00e4n yleens\u00e4 kassalla kassahenkil\u00f6n n\u00e4hden. Tarkempia ohjeita kupongin k\u00e4yt\u00f6st\u00e4 l\u00f6ytyy yleisesti kortista ja itse kupongista. Kupongin k\u00e4ytt\u00f6 tarvitsee internet-\/datayhteytt\u00e4, sill\u00e4 k\u00e4ytetyt kupongit merkit\u00e4\u00e4n omaan k\u00e4ytt\u00e4j\u00e4tiliisi. Mik\u00e4li puhelimesi menee rikki tai katoaa, saat omat kuponkisi k\u00e4ytt\u00f6\u00f6n my\u00f6s uudessa puhelimessa, sill\u00e4 henkil\u00f6kohtaiset tietosi ovat tallessa Cardu-palvelussa.<\/p>\n<p>Sy\u00f6tin v\u00e4\u00e4r\u00e4n asiakasnumeron korttiin. Miten pystyn vaihtamaan sen?<\/p>\n<p>Etusivulla paina korttia niin kauan, ett\u00e4 sovellus kysyy haluatko poistaa kortin. Valitse `Poista kortti\u00b4. \u00a0Sen j\u00e4lkeen lis\u00e4\u00e4 kortti uudelleen oikeilla j\u00e4sen\/asiakastiedoilla.<\/p>\n<h4>Mihin tietojani k\u00e4ytet\u00e4\u00e4n?<\/h4>\n<p>Cardu sovellusta ja toimintaamme velvoittaa Suomen laki tietojen ker\u00e4yksest\u00e4 ja k\u00e4yt\u00f6st\u00e4. Sovellus ei lue k\u00e4ytt\u00e4j\u00e4n puhelutietoja, sms- tai s\u00e4hk\u00f6postiviestej\u00e4 eik\u00e4 kuva- tai \u00e4\u00e4nitetiedostoja. Cardu k\u00e4ytt\u00e4j\u00e4tietoja ei my\u00f6sk\u00e4\u00e4n myyd\u00e4 eteenp\u00e4in kolmansille osapuolille.Voit lukea meid\u00e4n yksityisyydensuojastamme sek\u00e4 tietosuojak\u00e4yt\u00e4nn\u00f6ist\u00e4mmelis\u00e4\u00e4 kohdista\u00a0<a href=\"https:\/\/www.cardu.com\/kayttoehdot-kayttaja\">terms of use<\/a>\u00a0ja\u00a0<a href=\"https:\/\/www.cardu.com\/privacy\">privacy policy<\/a>.<\/p>\n<p><em>Identity, find accounts on the device<\/em>\u00a0-lupa tarvitaan tarvitaan automaattisen rekister\u00f6itymisen \/ loggauksen mahdollistamiseksi esimerkiksi google+ ja facebook kautta<\/p>\n<p><em>Location, precise location (GPS and network-based), approximate location (network-based)\u00a0<\/em>\u2013lupa mahdollistaa, ett\u00e4 voit tarkastella l\u00e4hell\u00e4 olevien kanta-asiakasohjelmia, etuja ja liikkeit\u00e4.<\/p>\n<p><em>Identity, SMS, send SMS messages\u00a0<\/em>\u2013lupa tarvitaan rekister\u00f6itymisen yhteydess\u00e4, jotta saamme kanta-asiakaskortin l\u00e4hetetty\u00e4 juuri oikealle henkil\u00f6lle. T\u00e4ll\u00e4 varmistetaan k\u00e4ytt\u00e4j\u00e4n antama puhelinnumero.<\/p>\n<p><em>Photos\/Media\/Files, modify or delete the contents of your USB storage, test access to protected storage\u00a0<\/em>\u2013lupa edellytet\u00e4\u00e4n, jotta Cardu sovellukseen voidaan tallentaa korttisi mahdollista offline-k\u00e4ytt\u00f6\u00e4 varten, esimerkiksi silloin kun olet ulkomailla ja datayhteydet eiv\u00e4t ole k\u00e4yt\u00f6ss\u00e4. Sovelluksemme ei lue, muuta tai poista mit\u00e4\u00e4n puhelimessasi olevia tietoa, mitk\u00e4 ei liity mobiilikorttitietoihin.<\/p>\n<p><em>Camera\/Microphone, take pictures and videos<\/em>\u00a0\u2013lupa tarvitaan ainoastaan kameran k\u00e4ytt\u00f6\u00e4 digitaalisten leimapassien leimojen ker\u00e4\u00e4miseen eli QR \u2013koodien lukemiseen. Emme k\u00e4yt\u00e4 mikrofonia mihink\u00e4\u00e4n. Eik\u00e4 sovellus pysty lukemaan kuvagalleriaasi tai \u00e4\u00e4nitteit\u00e4si.<\/p>\n<p><em>Device ID &#038; call information, read phone status and identity, full network access, view network connections, use accounts on the device, control Near Field Communication, control vibration, read Google service configuration\u00a0<\/em>\u2013 lupa tarvitaan mm. sovelluksen virheilmoituksiin (kun kuluttajalla ei ole datayhteytt\u00e4) ja NFC:t\u00e4 leimapassien leimojen ker\u00e4\u00e4miseen. Tarvitsemme my\u00f6s datayhteytt\u00e4 l\u00e4hett\u00e4\u00e4ksemme k\u00e4ytt\u00e4j\u00e4lle tietoa esimerkiksi ilmoituksia ja etuja.<\/p>\n<h4>Ilmoitusten asetukset<\/h4>\n<p>Cardu-sovelluksen ilmoitukset ovat korttikohtaisia ja ne on mahdollista laittaa pois p\u00e4\u00e4lt\u00e4 kortin asetuksista seuraavasti (Android ja iPhone): aukaise haluttu kortti lompakossasi ja t\u00e4pp\u00e4\u00e4 py\u00f6re\u00e4\u00e4 infoikonia (valkoinen \u201ci\u201d). K\u00e4\u00e4nn\u00e4 liukuvalitsin \u201cSalli ilmoitusten vastaanotto t\u00e4lt\u00e4 kortilta\u201d pois p\u00e4\u00e4lt\u00e4.<\/p>\n<p>Sovelluksen ilmoitukset voi my\u00f6s laittaa pois p\u00e4\u00e4lt\u00e4 puhelimen Asetuksista (hieman mallista riippuen) kohdasta Ilmoitukset \u2013> Sovellusilmoitukset.<\/p>\n<h4>Mik\u00e4li et l\u00f6yt\u00e4nyt vastausta hakemaasi kysymykseen t\u00e4\u00e4lt\u00e4, ota yhteytt\u00e4\u00a0<a href=\"mailto:support@cardu.com\">support@cardu.com<\/a>\u00a0ja palvelemme mielell\u00e4mme kaikissa kysymyksiss\u00e4.<\/h4>\n","protected":false},"excerpt":{"rendered":"<p>Yleisimmin kysytyt kysymykset Miten lataan Cardu mobiilikortti sovelluksen puhelimeeni? Sovelluksen lataamiseen on useita keinoja: Voit menn\u00e4 sovelluskauppaasi ja etsi\u00e4 sovellusta nimell\u00e4 Cardu tai k\u00e4ytt\u00e4\u00e4\u00a0www.cardu.com etusivulta l\u00f6ytyvi\u00e4 latauslinkkej\u00e4. Lis\u00e4ksi sovelluksen latauslinkki l\u00e4hetet\u00e4\u00e4n puhelimeesi ensimm\u00e4isen kerran kun olet lis\u00e4\u00e4m\u00e4ss\u00e4 korttia itsellesi esimerkiksi myym\u00e4l\u00e4ss\u00e4 QR \u2013koodin avulla. Mist\u00e4 johtuu, ett\u00e4 en p\u00e4\u00e4se lataamaan sovellusta? Cardun saa l\u00e4hes kaikkiin [&hellip;]<\/p>\n","protected":false},"author":1,"featured_media":0,"parent":0,"menu_order":0,"comment_status":"closed","ping_status":"closed","template":"","meta":{"footnotes":""},"acf":[],"yoast_head":"<!-- This site is optimized with the Yoast SEO plugin v20.11 - https:\/\/yoast.com\/wordpress\/plugins\/seo\/ -->\n<title>FAQ yleisimmin esitetyt kysymykset - Cardu<\/title>\n<meta name=\"description\" content=\"Tutustu yleisimmin kysyttyihin kysymyksiin Cardusta. Jos et l\u00f6yd\u00e4 vastausta omaan kysymykseesi, otathan yhteytt\u00e4 asiakastukeemme. Olemme sinua varten.\" \/>\n<meta name=\"robots\" content=\"index, follow, max-snippet:-1, max-image-preview:large, max-video-preview:-1\" \/>\n<link rel=\"canonical\" href=\"https:\/\/www.cardu.com\/fi\/faq\/\" \/>\n<meta property=\"og:locale\" content=\"sv_SE\" \/>\n<meta property=\"og:type\" content=\"article\" \/>\n<meta property=\"og:title\" content=\"FAQ yleisimmin esitetyt kysymykset - Cardu\" \/>\n<meta property=\"og:description\" content=\"Tutustu yleisimmin kysyttyihin kysymyksiin Cardusta. Jos et l\u00f6yd\u00e4 vastausta omaan kysymykseesi, otathan yhteytt\u00e4 asiakastukeemme. Olemme sinua varten.\" \/>\n<meta property=\"og:url\" content=\"https:\/\/www.cardu.com\/fi\/faq\/\" \/>\n<meta property=\"og:site_name\" content=\"Cardu\" \/>\n<meta property=\"article:modified_time\" content=\"2019-05-06T10:39:44+00:00\" \/>\n<meta name=\"twitter:card\" content=\"summary_large_image\" \/>\n<meta name=\"twitter:label1\" content=\"Ber\u00e4knad l\u00e4stid\" \/>\n\t<meta name=\"twitter:data1\" content=\"14 minuter\" \/>\n<script type=\"application\/ld+json\" class=\"yoast-schema-graph\">{\"@context\":\"https:\/\/schema.org\",\"@graph\":[{\"@type\":\"WebPage\",\"@id\":\"https:\/\/www.cardu.com\/fi\/faq\/\",\"url\":\"https:\/\/www.cardu.com\/fi\/faq\/\",\"name\":\"FAQ yleisimmin esitetyt kysymykset - Cardu\",\"isPartOf\":{\"@id\":\"https:\/\/www.cardu.com\/#website\"},\"datePublished\":\"2019-02-27T12:03:37+00:00\",\"dateModified\":\"2019-05-06T10:39:44+00:00\",\"description\":\"Tutustu yleisimmin kysyttyihin kysymyksiin Cardusta. Jos et l\u00f6yd\u00e4 vastausta omaan kysymykseesi, otathan yhteytt\u00e4 asiakastukeemme. Olemme sinua varten.\",\"breadcrumb\":{\"@id\":\"https:\/\/www.cardu.com\/fi\/faq\/#breadcrumb\"},\"inLanguage\":\"sv-SE\",\"potentialAction\":[{\"@type\":\"ReadAction\",\"target\":[\"https:\/\/www.cardu.com\/fi\/faq\/\"]}]},{\"@type\":\"BreadcrumbList\",\"@id\":\"https:\/\/www.cardu.com\/fi\/faq\/#breadcrumb\",\"itemListElement\":[{\"@type\":\"ListItem\",\"position\":1,\"name\":\"Home\",\"item\":\"https:\/\/www.cardu.com\/fi\/\"},{\"@type\":\"ListItem\",\"position\":2,\"name\":\"FAQ\"}]},{\"@type\":\"WebSite\",\"@id\":\"https:\/\/www.cardu.com\/#website\",\"url\":\"https:\/\/www.cardu.com\/\",\"name\":\"Cardu\",\"description\":\"Rikastuta el\u00e4m\u00e4\u00e4\",\"potentialAction\":[{\"@type\":\"SearchAction\",\"target\":{\"@type\":\"EntryPoint\",\"urlTemplate\":\"https:\/\/www.cardu.com\/?s={search_term_string}\"},\"query-input\":\"required name=search_term_string\"}],\"inLanguage\":\"sv-SE\"}]}<\/script>\n<!-- \/ Yoast SEO plugin. -->","yoast_head_json":{"title":"FAQ yleisimmin esitetyt kysymykset - Cardu","description":"Tutustu yleisimmin kysyttyihin kysymyksiin Cardusta. Jos et l\u00f6yd\u00e4 vastausta omaan kysymykseesi, otathan yhteytt\u00e4 asiakastukeemme. Olemme sinua varten.","robots":{"index":"index","follow":"follow","max-snippet":"max-snippet:-1","max-image-preview":"max-image-preview:large","max-video-preview":"max-video-preview:-1"},"canonical":"https:\/\/www.cardu.com\/fi\/faq\/","og_locale":"sv_SE","og_type":"article","og_title":"FAQ yleisimmin esitetyt kysymykset - Cardu","og_description":"Tutustu yleisimmin kysyttyihin kysymyksiin Cardusta. Jos et l\u00f6yd\u00e4 vastausta omaan kysymykseesi, otathan yhteytt\u00e4 asiakastukeemme. Olemme sinua varten.","og_url":"https:\/\/www.cardu.com\/fi\/faq\/","og_site_name":"Cardu","article_modified_time":"2019-05-06T10:39:44+00:00","twitter_card":"summary_large_image","twitter_misc":{"Ber\u00e4knad l\u00e4stid":"14 minuter"},"schema":{"@context":"https:\/\/schema.org","@graph":[{"@type":"WebPage","@id":"https:\/\/www.cardu.com\/fi\/faq\/","url":"https:\/\/www.cardu.com\/fi\/faq\/","name":"FAQ yleisimmin esitetyt kysymykset - Cardu","isPartOf":{"@id":"https:\/\/www.cardu.com\/#website"},"datePublished":"2019-02-27T12:03:37+00:00","dateModified":"2019-05-06T10:39:44+00:00","description":"Tutustu yleisimmin kysyttyihin kysymyksiin Cardusta. Jos et l\u00f6yd\u00e4 vastausta omaan kysymykseesi, otathan yhteytt\u00e4 asiakastukeemme. Olemme sinua varten.","breadcrumb":{"@id":"https:\/\/www.cardu.com\/fi\/faq\/#breadcrumb"},"inLanguage":"sv-SE","potentialAction":[{"@type":"ReadAction","target":["https:\/\/www.cardu.com\/fi\/faq\/"]}]},{"@type":"BreadcrumbList","@id":"https:\/\/www.cardu.com\/fi\/faq\/#breadcrumb","itemListElement":[{"@type":"ListItem","position":1,"name":"Home","item":"https:\/\/www.cardu.com\/fi\/"},{"@type":"ListItem","position":2,"name":"FAQ"}]},{"@type":"WebSite","@id":"https:\/\/www.cardu.com\/#website","url":"https:\/\/www.cardu.com\/","name":"Cardu","description":"Rikastuta el\u00e4m\u00e4\u00e4","potentialAction":[{"@type":"SearchAction","target":{"@type":"EntryPoint","urlTemplate":"https:\/\/www.cardu.com\/?s={search_term_string}"},"query-input":"required name=search_term_string"}],"inLanguage":"sv-SE"}]}},"_links":{"self":[{"href":"https:\/\/www.cardu.com\/se\/wp-json\/wp\/v2\/pages\/227"}],"collection":[{"href":"https:\/\/www.cardu.com\/se\/wp-json\/wp\/v2\/pages"}],"about":[{"href":"https:\/\/www.cardu.com\/se\/wp-json\/wp\/v2\/types\/page"}],"author":[{"embeddable":true,"href":"https:\/\/www.cardu.com\/se\/wp-json\/wp\/v2\/users\/1"}],"replies":[{"embeddable":true,"href":"https:\/\/www.cardu.com\/se\/wp-json\/wp\/v2\/comments?post=227"}],"version-history":[{"count":13,"href":"https:\/\/www.cardu.com\/se\/wp-json\/wp\/v2\/pages\/227\/revisions"}],"predecessor-version":[{"id":455,"href":"https:\/\/www.cardu.com\/se\/wp-json\/wp\/v2\/pages\/227\/revisions\/455"}],"wp:attachment":[{"href":"https:\/\/www.cardu.com\/se\/wp-json\/wp\/v2\/media?parent=227"}],"curies":[{"name":"wp","href":"https:\/\/api.w.org\/{rel}","templated":true}]}}