{"id":963,"date":"2021-10-18T15:46:20","date_gmt":"2021-10-18T12:46:20","guid":{"rendered":"https:\/\/www.cardu.com\/fi\/?page_id=963"},"modified":"2021-11-11T09:14:38","modified_gmt":"2021-11-11T07:14:38","slug":"help-skifi","status":"publish","type":"page","link":"https:\/\/www.cardu.com\/fi\/help-skifi\/","title":{"rendered":"Ski.fi &#8211; ohjeet"},"content":{"rendered":"<h1>Ski.fi ja Ski.fi Perhekortin ohjeet <\/h1>\n<p><b>Ostetun kortin k\u00e4ytt\u00f6\u00f6notto <\/b><\/p>\n<p>Ostetut Ski.fi ja Ski.fi Perhekortit toimitetaan puhelinnumeron perusteella vastaanottajalle Cardu-sovellukseen.<br \/>\nJos sinulla ei viel\u00e4 ole Cardu-sovellusta: <\/p>\n<ol>\n<li>Saat puhelimeesi ostetusta Ski.fi tai Perhekortista tekstiviestin, jossa on linkki maksuttoman \u201dCardu\u201d-nimisen sovelluksen lataamiseen sovelluskaupasta. Voit my\u00f6s asentaa sovelluksen ilman linkki\u00e4.<\/li>\n<li>Avaa Cardu-sovellus. <\/li>\n<ul>\n<li>Jos sinulla on jo Cardu-tili ja olet kirjautunut sovellukseen, avautuu ostamasi kortti automaattisesti tai kortti l\u00f6ytyy sovelluksen \u201dlompakko\u201d-sivulle.\n<li>Jos sovellus n\u00e4ytt\u00e4\u00e4 ostamasi kortin ja \u201dtallenna lompakkoon\u201d-napin, paina siit\u00e4, jotta kortti tallentuisi Cardu-tilillesi. Tarvittaessa sovellus pyyt\u00e4\u00e4 sinua luomaan Cardu-tilin tai kirjautumaan sovellukseen.\n<li>Jos sovellus n\u00e4ytt\u00e4\u00e4 k\u00e4ynnistyess\u00e4\u00e4n tyhj\u00e4n \u201dlompakko\u201d-sivun ja \u201djatka\u201d-napin, paina jatka luodaksesi uuden Cardu-tilin tai kirjautuaksesi sovellukseen.\n<\/ul>\n<li>Jos sinulla on jo Cardu-tili, mutta et ole kirjautunut sovellukseen, voit kirjautua joko Apple-, Google- tai Facebook-palveluiden kautta tai Cardu-tilisi s\u00e4hk\u00f6postilla.\n<li>Jos sinulla ei viel\u00e4 ole Cardu-tili\u00e4, voit luoda itsellesi tilin joko Apple-, Google- tai Facebook-palveluiden avulla tai k\u00e4ytt\u00e4en s\u00e4hk\u00f6postiosoitettasi.<br \/>\nCardu-sovellus on saatavilla androidille ja iPhonelle. <\/p>\n<\/ol>\n<p><b>Ski.fi Perhekortin jakaminen perheenj\u00e4senille <\/b><\/p>\n<p>Ski.fi Perhekortti toimitetaan siihen puhelimeen, jonka numeroon kortti on ostettu. Korttia voi jakaa alkuper\u00e4isest\u00e4 puhelimesta kortin kuvan oikealla puolella olevasta jakonapista. Jaetun kortin vastaanottaja saa viestin, jossa on linkki jaetun kortin k\u00e4ytt\u00f6\u00f6nottoon.  <\/p>\n<p><b>Edun k\u00e4ytt\u00f6 <\/b><\/p>\n<p>Ski.fi-kortin ja Perhekortin edun lunastaminen tapahtuu ostettaessa hissilippua hiihtokeskuksen lipunmyynniss\u00e4. K\u00e4yt\u00e4 kyseisen keskuksen kuponki hissilipun ostotilanteessa. <\/p>\n<p><b>Cardu-sovellus <\/b><\/p>\n<p>Lis\u00e4tietoja Cardu-sovelluksesta ja sen k\u00e4yt\u00f6st\u00e4 l\u00f6yd\u00e4t t\u00e4st\u00e4: https:\/\/www.cardu.com\/fi\/faq\/ <\/p>\n","protected":false},"excerpt":{"rendered":"<p>Ski.fi ja Ski.fi Perhekortin ohjeet Ostetun kortin k\u00e4ytt\u00f6\u00f6notto Ostetut Ski.fi ja Ski.fi Perhekortit toimitetaan puhelinnumeron perusteella vastaanottajalle Cardu-sovellukseen. Jos sinulla ei viel\u00e4 ole Cardu-sovellusta: Saat puhelimeesi ostetusta Ski.fi tai Perhekortista tekstiviestin, jossa on linkki maksuttoman \u201dCardu\u201d-nimisen sovelluksen lataamiseen sovelluskaupasta. Voit my\u00f6s asentaa sovelluksen ilman linkki\u00e4. Avaa Cardu-sovellus. Jos sinulla on jo Cardu-tili ja olet kirjautunut [&hellip;]<\/p>\n","protected":false},"author":1,"featured_media":0,"parent":0,"menu_order":0,"comment_status":"closed","ping_status":"closed","template":"","meta":{"footnotes":""},"acf":[],"yoast_head":"<!-- This site is optimized with the Yoast SEO plugin v20.11 - https:\/\/yoast.com\/wordpress\/plugins\/seo\/ -->\n<title>Ski.fi - Ski.fi - ohjeet[:] - Cardu<\/title>\n<meta name=\"robots\" content=\"index, follow, max-snippet:-1, max-image-preview:large, max-video-preview:-1\" \/>\n<link rel=\"canonical\" href=\"https:\/\/www.cardu.com\/en\/help-skifi\/\" \/>\n<meta property=\"og:locale\" content=\"fi_FI\" \/>\n<meta property=\"og:type\" content=\"article\" \/>\n<meta property=\"og:title\" content=\"Ski.fi - ohjeet\" \/>\n<meta property=\"og:description\" content=\"Ski.fi ja Ski.fi Perhekortin ohjeet Ostetun kortin k\u00e4ytt\u00f6\u00f6notto Ostetut Ski.fi ja Ski.fi Perhekortit toimitetaan puhelinnumeron perusteella vastaanottajalle Cardu-sovellukseen. Jos sinulla ei viel\u00e4 ole Cardu-sovellusta: Saat puhelimeesi ostetusta Ski.fi tai Perhekortista tekstiviestin, jossa on linkki maksuttoman \u201dCardu\u201d-nimisen sovelluksen lataamiseen sovelluskaupasta. Voit my\u00f6s asentaa sovelluksen ilman linkki\u00e4. Avaa Cardu-sovellus. Jos sinulla on jo Cardu-tili ja olet kirjautunut [&hellip;]\" \/>\n<meta property=\"og:url\" content=\"https:\/\/www.cardu.com\/en\/help-skifi\/\" \/>\n<meta property=\"og:site_name\" content=\"Cardu\" \/>\n<meta property=\"article:modified_time\" content=\"2021-11-11T07:14:38+00:00\" \/>\n<meta name=\"twitter:card\" content=\"summary_large_image\" \/>\n<meta name=\"twitter:label1\" content=\"Arvioitu lukuaika\" \/>\n\t<meta name=\"twitter:data1\" content=\"3 minuuttia\" \/>\n<script type=\"application\/ld+json\" class=\"yoast-schema-graph\">{\"@context\":\"https:\/\/schema.org\",\"@graph\":[{\"@type\":\"WebPage\",\"@id\":\"https:\/\/www.cardu.com\/en\/help-skifi\/\",\"url\":\"https:\/\/www.cardu.com\/en\/help-skifi\/\",\"name\":\"[:fi]Ski.fi - ohjeet[:en]Ski.fi - ohjeet[:] - Cardu\",\"isPartOf\":{\"@id\":\"https:\/\/www.cardu.com\/#website\"},\"datePublished\":\"2021-10-18T12:46:20+00:00\",\"dateModified\":\"2021-11-11T07:14:38+00:00\",\"breadcrumb\":{\"@id\":\"https:\/\/www.cardu.com\/en\/help-skifi\/#breadcrumb\"},\"inLanguage\":\"fi\",\"potentialAction\":[{\"@type\":\"ReadAction\",\"target\":[\"https:\/\/www.cardu.com\/en\/help-skifi\/\"]}]},{\"@type\":\"BreadcrumbList\",\"@id\":\"https:\/\/www.cardu.com\/en\/help-skifi\/#breadcrumb\",\"itemListElement\":[{\"@type\":\"ListItem\",\"position\":1,\"name\":\"Home\",\"item\":\"https:\/\/www.cardu.com\/fi\/\"},{\"@type\":\"ListItem\",\"position\":2,\"name\":\"Ski.fi &#8211; ohjeet\"}]},{\"@type\":\"WebSite\",\"@id\":\"https:\/\/www.cardu.com\/#website\",\"url\":\"https:\/\/www.cardu.com\/\",\"name\":\"Cardu\",\"description\":\"Rikastuta el\u00e4m\u00e4\u00e4\",\"potentialAction\":[{\"@type\":\"SearchAction\",\"target\":{\"@type\":\"EntryPoint\",\"urlTemplate\":\"https:\/\/www.cardu.com\/?s={search_term_string}\"},\"query-input\":\"required name=search_term_string\"}],\"inLanguage\":\"fi\"}]}<\/script>\n<!-- \/ Yoast SEO plugin. -->","yoast_head_json":{"title":"Ski.fi - Ski.fi - ohjeet[:] - Cardu","robots":{"index":"index","follow":"follow","max-snippet":"max-snippet:-1","max-image-preview":"max-image-preview:large","max-video-preview":"max-video-preview:-1"},"canonical":"https:\/\/www.cardu.com\/en\/help-skifi\/","og_locale":"fi_FI","og_type":"article","og_title":"[:fi]Ski.fi - ohjeet[:en]Ski.fi - ohjeet[:] - Cardu","og_description":"Ski.fi ja Ski.fi Perhekortin ohjeet Ostetun kortin k\u00e4ytt\u00f6\u00f6notto Ostetut Ski.fi ja Ski.fi Perhekortit toimitetaan puhelinnumeron perusteella vastaanottajalle Cardu-sovellukseen. Jos sinulla ei viel\u00e4 ole Cardu-sovellusta: Saat puhelimeesi ostetusta Ski.fi tai Perhekortista tekstiviestin, jossa on linkki maksuttoman \u201dCardu\u201d-nimisen sovelluksen lataamiseen sovelluskaupasta. Voit my\u00f6s asentaa sovelluksen ilman linkki\u00e4. Avaa Cardu-sovellus. Jos sinulla on jo Cardu-tili ja olet kirjautunut [&hellip;]","og_url":"https:\/\/www.cardu.com\/en\/help-skifi\/","og_site_name":"Cardu","article_modified_time":"2021-11-11T07:14:38+00:00","twitter_card":"summary_large_image","twitter_misc":{"Arvioitu lukuaika":"3 minuuttia"},"schema":{"@context":"https:\/\/schema.org","@graph":[{"@type":"WebPage","@id":"https:\/\/www.cardu.com\/en\/help-skifi\/","url":"https:\/\/www.cardu.com\/en\/help-skifi\/","name":"[:fi]Ski.fi - ohjeet[:en]Ski.fi - ohjeet[:] - Cardu","isPartOf":{"@id":"https:\/\/www.cardu.com\/#website"},"datePublished":"2021-10-18T12:46:20+00:00","dateModified":"2021-11-11T07:14:38+00:00","breadcrumb":{"@id":"https:\/\/www.cardu.com\/en\/help-skifi\/#breadcrumb"},"inLanguage":"fi","potentialAction":[{"@type":"ReadAction","target":["https:\/\/www.cardu.com\/en\/help-skifi\/"]}]},{"@type":"BreadcrumbList","@id":"https:\/\/www.cardu.com\/en\/help-skifi\/#breadcrumb","itemListElement":[{"@type":"ListItem","position":1,"name":"Home","item":"https:\/\/www.cardu.com\/fi\/"},{"@type":"ListItem","position":2,"name":"Ski.fi &#8211; ohjeet"}]},{"@type":"WebSite","@id":"https:\/\/www.cardu.com\/#website","url":"https:\/\/www.cardu.com\/","name":"Cardu","description":"Rikastuta el\u00e4m\u00e4\u00e4","potentialAction":[{"@type":"SearchAction","target":{"@type":"EntryPoint","urlTemplate":"https:\/\/www.cardu.com\/?s={search_term_string}"},"query-input":"required name=search_term_string"}],"inLanguage":"fi"}]}},"_links":{"self":[{"href":"https:\/\/www.cardu.com\/fi\/wp-json\/wp\/v2\/pages\/963"}],"collection":[{"href":"https:\/\/www.cardu.com\/fi\/wp-json\/wp\/v2\/pages"}],"about":[{"href":"https:\/\/www.cardu.com\/fi\/wp-json\/wp\/v2\/types\/page"}],"author":[{"embeddable":true,"href":"https:\/\/www.cardu.com\/fi\/wp-json\/wp\/v2\/users\/1"}],"replies":[{"embeddable":true,"href":"https:\/\/www.cardu.com\/fi\/wp-json\/wp\/v2\/comments?post=963"}],"version-history":[{"count":4,"href":"https:\/\/www.cardu.com\/fi\/wp-json\/wp\/v2\/pages\/963\/revisions"}],"predecessor-version":[{"id":968,"href":"https:\/\/www.cardu.com\/fi\/wp-json\/wp\/v2\/pages\/963\/revisions\/968"}],"wp:attachment":[{"href":"https:\/\/www.cardu.com\/fi\/wp-json\/wp\/v2\/media?parent=963"}],"curies":[{"name":"wp","href":"https:\/\/api.w.org\/{rel}","templated":true}]}}