{"id":6,"date":"2019-02-14T10:30:15","date_gmt":"2019-02-14T08:30:15","guid":{"rendered":"https:\/\/new.cardu.com\/?page_id=6"},"modified":"2024-01-25T07:42:18","modified_gmt":"2024-01-25T05:42:18","slug":"etusivu","status":"publish","type":"page","link":"https:\/\/www.cardu.com\/fi\/","title":{"rendered":"Etusivu"},"content":{"rendered":"","protected":false},"excerpt":{"rendered":"","protected":false},"author":1,"featured_media":115,"parent":0,"menu_order":0,"comment_status":"closed","ping_status":"closed","template":"","meta":{"footnotes":""},"acf":[],"yoast_head":"<!-- This site is optimized with the Yoast SEO plugin v20.11 - https:\/\/yoast.com\/wordpress\/plugins\/seo\/ -->\n<title>Kanta-asiakkuudet, etu- ja kuponkikortit \u00e4lykk\u00e4iksi mobiilikorteiksi - Cardu<\/title>\n<meta name=\"description\" content=\"Cardu vie yritykset ja kuluttajat uuteen aikaan tekem\u00e4ll\u00e4 muovikorteista, pahvista, lipuista ja lapuista \u00e4lykk\u00e4it\u00e4 mobiilikanavia muutamassa sekunnissa!\" \/>\n<meta name=\"robots\" content=\"index, follow, max-snippet:-1, max-image-preview:large, max-video-preview:-1\" \/>\n<link rel=\"canonical\" href=\"https:\/\/www.cardu.com\/fi\/\" \/>\n<meta property=\"og:locale\" content=\"fi_FI\" \/>\n<meta property=\"og:type\" content=\"article\" \/>\n<meta property=\"og:title\" content=\"Kanta-asiakkuudet, etu- ja kuponkikortit \u00e4lykk\u00e4iksi mobiilikorteiksi - Cardu\" \/>\n<meta property=\"og:description\" content=\"Cardu vie yritykset ja kuluttajat uuteen aikaan tekem\u00e4ll\u00e4 muovikorteista, pahvista, lipuista ja lapuista \u00e4lykk\u00e4it\u00e4 mobiilikanavia muutamassa sekunnissa!\" \/>\n<meta property=\"og:url\" content=\"https:\/\/www.cardu.com\/fi\/\" \/>\n<meta property=\"og:site_name\" content=\"Cardu\" \/>\n<meta property=\"article:modified_time\" content=\"2024-01-25T05:42:18+00:00\" \/>\n<meta property=\"og:image\" content=\"https:\/\/www.cardu.com\/wp-content\/uploads\/2019\/02\/adventure-eb30b50729-web.jpg\" \/>\n\t<meta property=\"og:image:width\" content=\"2000\" \/>\n\t<meta property=\"og:image:height\" content=\"1425\" \/>\n\t<meta property=\"og:image:type\" content=\"image\/jpeg\" \/>\n<meta name=\"twitter:card\" content=\"summary_large_image\" \/>\n<script type=\"application\/ld+json\" class=\"yoast-schema-graph\">{\"@context\":\"https:\/\/schema.org\",\"@graph\":[{\"@type\":\"WebPage\",\"@id\":\"https:\/\/www.cardu.com\/fi\/\",\"url\":\"https:\/\/www.cardu.com\/fi\/\",\"name\":\"Kanta-asiakkuudet, etu- ja kuponkikortit \u00e4lykk\u00e4iksi mobiilikorteiksi - Cardu\",\"isPartOf\":{\"@id\":\"https:\/\/www.cardu.com\/#website\"},\"datePublished\":\"2019-02-14T08:30:15+00:00\",\"dateModified\":\"2024-01-25T05:42:18+00:00\",\"description\":\"Cardu vie yritykset ja kuluttajat uuteen aikaan tekem\u00e4ll\u00e4 muovikorteista, pahvista, lipuista ja lapuista \u00e4lykk\u00e4it\u00e4 mobiilikanavia muutamassa sekunnissa!\",\"breadcrumb\":{\"@id\":\"https:\/\/www.cardu.com\/fi\/#breadcrumb\"},\"inLanguage\":\"fi\",\"potentialAction\":[{\"@type\":\"ReadAction\",\"target\":[\"https:\/\/www.cardu.com\/fi\/\"]}]},{\"@type\":\"BreadcrumbList\",\"@id\":\"https:\/\/www.cardu.com\/fi\/#breadcrumb\",\"itemListElement\":[{\"@type\":\"ListItem\",\"position\":1,\"name\":\"Home\",\"item\":\"https:\/\/www.cardu.com\/fi\/\"},{\"@type\":\"ListItem\",\"position\":2,\"name\":\"Etusivu\"}]},{\"@type\":\"WebSite\",\"@id\":\"https:\/\/www.cardu.com\/#website\",\"url\":\"https:\/\/www.cardu.com\/\",\"name\":\"Cardu\",\"description\":\"Rikastuta el\u00e4m\u00e4\u00e4\",\"potentialAction\":[{\"@type\":\"SearchAction\",\"target\":{\"@type\":\"EntryPoint\",\"urlTemplate\":\"https:\/\/www.cardu.com\/?s={search_term_string}\"},\"query-input\":\"required name=search_term_string\"}],\"inLanguage\":\"fi\"}]}<\/script>\n<!-- \/ Yoast SEO plugin. -->","yoast_head_json":{"title":"Kanta-asiakkuudet, etu- ja kuponkikortit \u00e4lykk\u00e4iksi mobiilikorteiksi - Cardu","description":"Cardu vie yritykset ja kuluttajat uuteen aikaan tekem\u00e4ll\u00e4 muovikorteista, pahvista, lipuista ja lapuista \u00e4lykk\u00e4it\u00e4 mobiilikanavia muutamassa sekunnissa!","robots":{"index":"index","follow":"follow","max-snippet":"max-snippet:-1","max-image-preview":"max-image-preview:large","max-video-preview":"max-video-preview:-1"},"canonical":"https:\/\/www.cardu.com\/fi\/","og_locale":"fi_FI","og_type":"article","og_title":"Kanta-asiakkuudet, etu- ja kuponkikortit \u00e4lykk\u00e4iksi mobiilikorteiksi - Cardu","og_description":"Cardu vie yritykset ja kuluttajat uuteen aikaan tekem\u00e4ll\u00e4 muovikorteista, pahvista, lipuista ja lapuista \u00e4lykk\u00e4it\u00e4 mobiilikanavia muutamassa sekunnissa!","og_url":"https:\/\/www.cardu.com\/fi\/","og_site_name":"Cardu","article_modified_time":"2024-01-25T05:42:18+00:00","og_image":[{"width":2000,"height":1425,"url":"https:\/\/www.cardu.com\/wp-content\/uploads\/2019\/02\/adventure-eb30b50729-web.jpg","type":"image\/jpeg"}],"twitter_card":"summary_large_image","schema":{"@context":"https:\/\/schema.org","@graph":[{"@type":"WebPage","@id":"https:\/\/www.cardu.com\/fi\/","url":"https:\/\/www.cardu.com\/fi\/","name":"Kanta-asiakkuudet, etu- ja kuponkikortit \u00e4lykk\u00e4iksi mobiilikorteiksi - Cardu","isPartOf":{"@id":"https:\/\/www.cardu.com\/#website"},"datePublished":"2019-02-14T08:30:15+00:00","dateModified":"2024-01-25T05:42:18+00:00","description":"Cardu vie yritykset ja kuluttajat uuteen aikaan tekem\u00e4ll\u00e4 muovikorteista, pahvista, lipuista ja lapuista \u00e4lykk\u00e4it\u00e4 mobiilikanavia muutamassa sekunnissa!","breadcrumb":{"@id":"https:\/\/www.cardu.com\/fi\/#breadcrumb"},"inLanguage":"fi","potentialAction":[{"@type":"ReadAction","target":["https:\/\/www.cardu.com\/fi\/"]}]},{"@type":"BreadcrumbList","@id":"https:\/\/www.cardu.com\/fi\/#breadcrumb","itemListElement":[{"@type":"ListItem","position":1,"name":"Home","item":"https:\/\/www.cardu.com\/fi\/"},{"@type":"ListItem","position":2,"name":"Etusivu"}]},{"@type":"WebSite","@id":"https:\/\/www.cardu.com\/#website","url":"https:\/\/www.cardu.com\/","name":"Cardu","description":"Rikastuta el\u00e4m\u00e4\u00e4","potentialAction":[{"@type":"SearchAction","target":{"@type":"EntryPoint","urlTemplate":"https:\/\/www.cardu.com\/?s={search_term_string}"},"query-input":"required name=search_term_string"}],"inLanguage":"fi"}]}},"_links":{"self":[{"href":"https:\/\/www.cardu.com\/fi\/wp-json\/wp\/v2\/pages\/6"}],"collection":[{"href":"https:\/\/www.cardu.com\/fi\/wp-json\/wp\/v2\/pages"}],"about":[{"href":"https:\/\/www.cardu.com\/fi\/wp-json\/wp\/v2\/types\/page"}],"author":[{"embeddable":true,"href":"https:\/\/www.cardu.com\/fi\/wp-json\/wp\/v2\/users\/1"}],"replies":[{"embeddable":true,"href":"https:\/\/www.cardu.com\/fi\/wp-json\/wp\/v2\/comments?post=6"}],"version-history":[{"count":40,"href":"https:\/\/www.cardu.com\/fi\/wp-json\/wp\/v2\/pages\/6\/revisions"}],"predecessor-version":[{"id":1075,"href":"https:\/\/www.cardu.com\/fi\/wp-json\/wp\/v2\/pages\/6\/revisions\/1075"}],"wp:featuredmedia":[{"embeddable":true,"href":"https:\/\/www.cardu.com\/fi\/wp-json\/wp\/v2\/media\/115"}],"wp:attachment":[{"href":"https:\/\/www.cardu.com\/fi\/wp-json\/wp\/v2\/media?parent=6"}],"curies":[{"name":"wp","href":"https:\/\/api.w.org\/{rel}","templated":true}]}}