{"id":3,"date":"2019-02-14T10:27:13","date_gmt":"2019-02-14T08:27:13","guid":{"rendered":"https:\/\/new.cardu.com\/?page_id=3"},"modified":"2023-05-08T11:10:56","modified_gmt":"2023-05-08T08:10:56","slug":"tietosuojaseloste","status":"publish","type":"page","link":"https:\/\/www.cardu.com\/fi\/tietosuojaseloste\/","title":{"rendered":"Tietosuojaseloste"},"content":{"rendered":"<h1>Tietosuojaseloste <\/h1>\n<h2>1. Rekisterinpit\u00e4j\u00e4<\/h2>\n<p>Cardu Global Oy<br \/>\nY-tunnus: 2303055-2<br \/>\nMerikoskenkatu 7 B 52, 90500 Oulu, Finland<\/p>\n<h2>2. Yhteyshenkil\u00f6 rekisteri\u00e4 koskevissa asioissa<\/h2>\n<p>Jukka Kilponen<br \/>\njukka.kilponen(at)cardu.com<\/p>\n<h2>3. Rekisterin nimi<\/h2>\n<p>Cardu k\u00e4ytt\u00e4j\u00e4rekisteri<\/p>\n<h2>4. Henkil\u00f6tietojen k\u00e4sittelyn tarkoitus<\/h2>\n<p>Henkil\u00f6tietoja k\u00e4sitell\u00e4\u00e4n etu- ja j\u00e4senkorttien tarjoamiseksi Cardu-palvelussa.<\/p>\n<h2>5. Rekisterin tietosis\u00e4lt\u00f6<\/h2>\n<ul>\n<li>K\u00e4ytt\u00e4j\u00e4n nimi, s\u00e4hk\u00f6posti, puhelinnumero<\/li>\n<li>Teknist\u00e4 tietoa kuten asennettu Cardu-sovellusversio ja puhelimen tyyppi<\/li>\n<li>K\u00e4ytt\u00e4j\u00e4n kortit ja kortille sy\u00f6tt\u00e4m\u00e4t tiedot sek\u00e4 kortin jakelun yhteydess\u00e4 kortille tallennetut tiedot<\/li>\n<li>Kuponkien, leimapassien ja vastaavien k\u00e4ytt\u00f6tiedot<\/li>\n<li>K\u00e4ytt\u00e4j\u00e4n luvalla paikkatietoa paikallisten sis\u00e4lt\u00f6jen n\u00e4ytt\u00e4miseksi<\/li>\n<li>Palvelun kautta k\u00e4ytt\u00e4j\u00e4lle l\u00e4hetetyt viestit<\/li>\n<\/ul>\n<h2>6. S\u00e4\u00e4nn\u00f6nmukaiset tietol\u00e4hteet<\/h2>\n<p>Tietoja saadaan rekister\u00f6idylt\u00e4 itselt\u00e4\u00e4n sek\u00e4 etu- ja j\u00e4senkortteja tarjoavilta organisaatioilta korttien jakelun ja yll\u00e4pidon yhteydess\u00e4. Osa rekisterin tietosis\u00e4ll\u00f6st\u00e4 kertyy Cardu-sovellusta k\u00e4ytt\u00e4m\u00e4ll\u00e4.<\/p>\n<h2>7. Tietojen luovuttaminen ja siirt\u00e4minen<\/h2>\n<p>Rekisteriss\u00e4 olevia henkil\u00f6\u00f6n liittyvi\u00e4 yleisi\u00e4 ja korttikohtaisia tietoja luovutetaan kyseisen kortin tarjoavalle organisaatiolle.<\/p>\n<h2>8. Rekisterin suojaus<\/h2>\n<p>Rekisterin sis\u00e4lt\u00e4m\u00e4t tiedot ovat palomuurein, salasanoin ja muiden tietoturvan toimialalla yleisesti hyv\u00e4ksytt\u00e4vien teknisten keinojen avulla suojattuja.<\/p>\n<p>Rekisteriss\u00e4 ei ole manuaalista aineistoa.<\/p>\n<p>Ainoastaan yksil\u00f6idyill\u00e4 rekisterinpit\u00e4j\u00e4ll\u00e4 ja sen toimeksiannosta ja lukuun toimivien yritysten ty\u00f6ntekij\u00f6ill\u00e4 on p\u00e4\u00e4sy rekisterin sis\u00e4lt\u00e4miin tietoihin rekisterinpit\u00e4j\u00e4n my\u00f6nt\u00e4m\u00e4ll\u00e4 k\u00e4ytt\u00f6oikeudella.<\/p>\n<p>Cardu-palvelussa j\u00e4sen- ja etukortteja tarjoavien organisaatioiden yksil\u00f6idyill\u00e4 edustajilla on p\u00e4\u00e4sy organisaation omien korttien k\u00e4ytt\u00f6- ja k\u00e4ytt\u00e4j\u00e4tietoihin.<\/p>\n<h2 id=\"user-data\">9. Tarkastus-, kielto-, poisto- ja korjausoikeus<\/h2>\n<p>Rekister\u00f6idyll\u00e4 on henkil\u00f6tietolain mukainen oikeus tarkastaa mit\u00e4 h\u00e4nt\u00e4 koskevia tietoja rekisteriin on talletettu. Rekister\u00f6idyn pyynn\u00f6st\u00e4 teemme henkil\u00f6tietoihin tarpeelliset oikaisut ja t\u00e4ydennykset tai poistamme k\u00e4sittelyn tarkoituksen kannalta virheelliset, tarpeettomat, puutteelliset tai vanhentuneet tiedot. Pyynn\u00f6st\u00e4 my\u00f6s poistamme henkil\u00f6\u00e4 koskevat tiedot rekisterist\u00e4. Pyynn\u00f6n voi l\u00e4hett\u00e4\u00e4 s\u00e4hk\u00f6postina osoitteeseen support@cardu.com.<\/p>\n<p>Rekister\u00f6idyll\u00e4 on oikeus kielt\u00e4\u00e4 h\u00e4nt\u00e4 koskevien tietojen k\u00e4sittely ja luovuttaminen suoramainontaa, et\u00e4myynti\u00e4 ja muuta suoramarkkinointia sek\u00e4 markkina- ja mielipidetutkimuksia varten.<\/p>\n","protected":false},"excerpt":{"rendered":"<p>Tietosuojaseloste 1. Rekisterinpit\u00e4j\u00e4 Cardu Global Oy Y-tunnus: 2303055-2 Merikoskenkatu 7 B 52, 90500 Oulu, Finland 2. Yhteyshenkil\u00f6 rekisteri\u00e4 koskevissa asioissa Jukka Kilponen jukka.kilponen(at)cardu.com 3. Rekisterin nimi Cardu k\u00e4ytt\u00e4j\u00e4rekisteri 4. Henkil\u00f6tietojen k\u00e4sittelyn tarkoitus Henkil\u00f6tietoja k\u00e4sitell\u00e4\u00e4n etu- ja j\u00e4senkorttien tarjoamiseksi Cardu-palvelussa. 5. Rekisterin tietosis\u00e4lt\u00f6 K\u00e4ytt\u00e4j\u00e4n nimi, s\u00e4hk\u00f6posti, puhelinnumero Teknist\u00e4 tietoa kuten asennettu Cardu-sovellusversio ja puhelimen tyyppi K\u00e4ytt\u00e4j\u00e4n [&hellip;]<\/p>\n","protected":false},"author":1,"featured_media":0,"parent":0,"menu_order":0,"comment_status":"closed","ping_status":"open","template":"","meta":{"footnotes":""},"acf":[],"yoast_head":"<!-- This site is optimized with the Yoast SEO plugin v20.11 - https:\/\/yoast.com\/wordpress\/plugins\/seo\/ -->\n<title>Tietosuojaseloste - Cardu<\/title>\n<meta name=\"robots\" content=\"index, follow, max-snippet:-1, max-image-preview:large, max-video-preview:-1\" \/>\n<link rel=\"canonical\" href=\"https:\/\/www.cardu.com\/se\/tietosuojaseloste\/\" \/>\n<meta property=\"og:locale\" content=\"fi_FI\" \/>\n<meta property=\"og:type\" content=\"article\" \/>\n<meta property=\"og:title\" content=\"Tietosuojaseloste\" \/>\n<meta property=\"og:description\" content=\"Tietosuojaseloste 1. Rekisterinpit\u00e4j\u00e4 Cardu Global Oy Y-tunnus: 2303055-2 Merikoskenkatu 7 B 52, 90500 Oulu, Finland 2. Yhteyshenkil\u00f6 rekisteri\u00e4 koskevissa asioissa Jukka Kilponen jukka.kilponen(at)cardu.com 3. Rekisterin nimi Cardu k\u00e4ytt\u00e4j\u00e4rekisteri 4. Henkil\u00f6tietojen k\u00e4sittelyn tarkoitus Henkil\u00f6tietoja k\u00e4sitell\u00e4\u00e4n etu- ja j\u00e4senkorttien tarjoamiseksi Cardu-palvelussa. 5. Rekisterin tietosis\u00e4lt\u00f6 K\u00e4ytt\u00e4j\u00e4n nimi, s\u00e4hk\u00f6posti, puhelinnumero Teknist\u00e4 tietoa kuten asennettu Cardu-sovellusversio ja puhelimen tyyppi K\u00e4ytt\u00e4j\u00e4n [&hellip;]\" \/>\n<meta property=\"og:url\" content=\"https:\/\/www.cardu.com\/se\/tietosuojaseloste\/\" \/>\n<meta property=\"og:site_name\" content=\"Cardu\" \/>\n<meta property=\"article:modified_time\" content=\"2023-05-08T08:10:56+00:00\" \/>\n<meta name=\"twitter:card\" content=\"summary_large_image\" \/>\n<meta name=\"twitter:label1\" content=\"Arvioitu lukuaika\" \/>\n\t<meta name=\"twitter:data1\" content=\"3 minuuttia\" \/>\n<script type=\"application\/ld+json\" class=\"yoast-schema-graph\">{\"@context\":\"https:\/\/schema.org\",\"@graph\":[{\"@type\":\"WebPage\",\"@id\":\"https:\/\/www.cardu.com\/se\/tietosuojaseloste\/\",\"url\":\"https:\/\/www.cardu.com\/se\/tietosuojaseloste\/\",\"name\":\"[:fi]Tietosuojaseloste[:en]Tietosuojaseloste[:] - Cardu\",\"isPartOf\":{\"@id\":\"https:\/\/www.cardu.com\/fi\/#website\"},\"datePublished\":\"2019-02-14T08:27:13+00:00\",\"dateModified\":\"2023-05-08T08:10:56+00:00\",\"breadcrumb\":{\"@id\":\"https:\/\/www.cardu.com\/se\/tietosuojaseloste\/#breadcrumb\"},\"inLanguage\":\"fi\",\"potentialAction\":[{\"@type\":\"ReadAction\",\"target\":[\"https:\/\/www.cardu.com\/se\/tietosuojaseloste\/\"]}]},{\"@type\":\"BreadcrumbList\",\"@id\":\"https:\/\/www.cardu.com\/se\/tietosuojaseloste\/#breadcrumb\",\"itemListElement\":[{\"@type\":\"ListItem\",\"position\":1,\"name\":\"Home\",\"item\":\"https:\/\/www.cardu.com\/fi\/\"},{\"@type\":\"ListItem\",\"position\":2,\"name\":\"Tietosuojaseloste\"}]},{\"@type\":\"WebSite\",\"@id\":\"https:\/\/www.cardu.com\/fi\/#website\",\"url\":\"https:\/\/www.cardu.com\/fi\/\",\"name\":\"Cardu\",\"description\":\"Rikastuta el\u00e4m\u00e4\u00e4\",\"potentialAction\":[{\"@type\":\"SearchAction\",\"target\":{\"@type\":\"EntryPoint\",\"urlTemplate\":\"https:\/\/www.cardu.com\/fi\/?s={search_term_string}\"},\"query-input\":\"required name=search_term_string\"}],\"inLanguage\":\"fi\"}]}<\/script>\n<!-- \/ Yoast SEO plugin. -->","yoast_head_json":{"title":"Tietosuojaseloste - Cardu","robots":{"index":"index","follow":"follow","max-snippet":"max-snippet:-1","max-image-preview":"max-image-preview:large","max-video-preview":"max-video-preview:-1"},"canonical":"https:\/\/www.cardu.com\/se\/tietosuojaseloste\/","og_locale":"fi_FI","og_type":"article","og_title":"[:fi]Tietosuojaseloste[:en]Tietosuojaseloste[:] - Cardu","og_description":"Tietosuojaseloste 1. Rekisterinpit\u00e4j\u00e4 Cardu Global Oy Y-tunnus: 2303055-2 Merikoskenkatu 7 B 52, 90500 Oulu, Finland 2. Yhteyshenkil\u00f6 rekisteri\u00e4 koskevissa asioissa Jukka Kilponen jukka.kilponen(at)cardu.com 3. Rekisterin nimi Cardu k\u00e4ytt\u00e4j\u00e4rekisteri 4. Henkil\u00f6tietojen k\u00e4sittelyn tarkoitus Henkil\u00f6tietoja k\u00e4sitell\u00e4\u00e4n etu- ja j\u00e4senkorttien tarjoamiseksi Cardu-palvelussa. 5. Rekisterin tietosis\u00e4lt\u00f6 K\u00e4ytt\u00e4j\u00e4n nimi, s\u00e4hk\u00f6posti, puhelinnumero Teknist\u00e4 tietoa kuten asennettu Cardu-sovellusversio ja puhelimen tyyppi K\u00e4ytt\u00e4j\u00e4n [&hellip;]","og_url":"https:\/\/www.cardu.com\/se\/tietosuojaseloste\/","og_site_name":"Cardu","article_modified_time":"2023-05-08T08:10:56+00:00","twitter_card":"summary_large_image","twitter_misc":{"Arvioitu lukuaika":"3 minuuttia"},"schema":{"@context":"https:\/\/schema.org","@graph":[{"@type":"WebPage","@id":"https:\/\/www.cardu.com\/se\/tietosuojaseloste\/","url":"https:\/\/www.cardu.com\/se\/tietosuojaseloste\/","name":"[:fi]Tietosuojaseloste[:en]Tietosuojaseloste[:] - Cardu","isPartOf":{"@id":"https:\/\/www.cardu.com\/fi\/#website"},"datePublished":"2019-02-14T08:27:13+00:00","dateModified":"2023-05-08T08:10:56+00:00","breadcrumb":{"@id":"https:\/\/www.cardu.com\/se\/tietosuojaseloste\/#breadcrumb"},"inLanguage":"fi","potentialAction":[{"@type":"ReadAction","target":["https:\/\/www.cardu.com\/se\/tietosuojaseloste\/"]}]},{"@type":"BreadcrumbList","@id":"https:\/\/www.cardu.com\/se\/tietosuojaseloste\/#breadcrumb","itemListElement":[{"@type":"ListItem","position":1,"name":"Home","item":"https:\/\/www.cardu.com\/fi\/"},{"@type":"ListItem","position":2,"name":"Tietosuojaseloste"}]},{"@type":"WebSite","@id":"https:\/\/www.cardu.com\/fi\/#website","url":"https:\/\/www.cardu.com\/fi\/","name":"Cardu","description":"Rikastuta el\u00e4m\u00e4\u00e4","potentialAction":[{"@type":"SearchAction","target":{"@type":"EntryPoint","urlTemplate":"https:\/\/www.cardu.com\/fi\/?s={search_term_string}"},"query-input":"required name=search_term_string"}],"inLanguage":"fi"}]}},"_links":{"self":[{"href":"https:\/\/www.cardu.com\/fi\/wp-json\/wp\/v2\/pages\/3"}],"collection":[{"href":"https:\/\/www.cardu.com\/fi\/wp-json\/wp\/v2\/pages"}],"about":[{"href":"https:\/\/www.cardu.com\/fi\/wp-json\/wp\/v2\/types\/page"}],"author":[{"embeddable":true,"href":"https:\/\/www.cardu.com\/fi\/wp-json\/wp\/v2\/users\/1"}],"replies":[{"embeddable":true,"href":"https:\/\/www.cardu.com\/fi\/wp-json\/wp\/v2\/comments?post=3"}],"version-history":[{"count":15,"href":"https:\/\/www.cardu.com\/fi\/wp-json\/wp\/v2\/pages\/3\/revisions"}],"predecessor-version":[{"id":1058,"href":"https:\/\/www.cardu.com\/fi\/wp-json\/wp\/v2\/pages\/3\/revisions\/1058"}],"wp:attachment":[{"href":"https:\/\/www.cardu.com\/fi\/wp-json\/wp\/v2\/media?parent=3"}],"curies":[{"name":"wp","href":"https:\/\/api.w.org\/{rel}","templated":true}]}}