{"id":233,"date":"2019-02-27T15:33:26","date_gmt":"2019-02-27T13:33:26","guid":{"rendered":"https:\/\/new.cardu.com\/?page_id=233"},"modified":"2023-10-02T10:12:42","modified_gmt":"2023-10-02T07:12:42","slug":"kayttoehdot-kayttaja","status":"publish","type":"page","link":"https:\/\/www.cardu.com\/fi\/kayttoehdot-kayttaja\/","title":{"rendered":"K\u00e4ytt\u00f6ehdot, k\u00e4ytt\u00e4j\u00e4"},"content":{"rendered":"<h1 class=\"display\">Cardu Global Oy:n Cardu-palvelun k\u00e4ytt\u00f6ehdot<\/h1>\n<h2>Voimassa 5.11.2012 l\u00e4htien<\/h2>\n<h4>1. Yleist\u00e4<\/h4>\n<p>N\u00e4m\u00e4 ovat Cardu Global Oy:n (j\u00e4ljemp\u00e4n\u00e4 \u201dCardu Global\u201d) Cardu mobiilikortti-palvelun ja siihen liittyv\u00e4n sovelluksen, sivuston, sis\u00e4ll\u00f6n sek\u00e4 ohjelmiston (j\u00e4ljemp\u00e4n\u00e4 \u201dPalvelu\u201d) k\u00e4ytt\u00f6\u00e4 koskevat yleiset ehdot (j\u00e4ljemp\u00e4n\u00e4 \u201dEhdot\u201d). Palvelun k\u00e4ytt\u00e4j\u00e4n (j\u00e4ljemp\u00e4n\u00e4 \u201dK\u00e4ytt\u00e4j\u00e4\u201d) tulee tutustua huolellisesti n\u00e4ihin Ehtoihin ennen Palvelun k\u00e4ytt\u00e4mist\u00e4. Ehtoja sovelletaan kaikkiin k\u00e4ytt\u00e4j\u00e4n toimiin Palvelussa. K\u00e4ytt\u00e4m\u00e4ll\u00e4 Palvelua rekister\u00f6itym\u00e4ll\u00e4 tai muutoin n\u00e4m\u00e4 Ehdot tulevat K\u00e4ytt\u00e4j\u00e4\u00e4 sitoviksi.<br \/>\nPalvelu saattaa sis\u00e4lt\u00e4\u00e4 lis\u00e4ksi joitakin toimintoja koskevia erityisehtoja (kuten maksamiseen liittyvi\u00e4 ehtoja sek\u00e4 henkil\u00f6tietojen k\u00e4sittelyyn liittyvi\u00e4 ehtoja), joita sovelletaan K\u00e4ytt\u00e4j\u00e4n toimintoihin n\u00e4iden Ehtojen lis\u00e4ksi.<\/p>\n<h4>2. Palvelun k\u00e4ytt\u00f6\u00f6n oikeutetut<\/h4>\n<p>Palvelua saavat k\u00e4ytt\u00e4\u00e4 v\u00e4hint\u00e4\u00e4n 15-vuotiaat K\u00e4ytt\u00e4j\u00e4t. Alle 15-vuotiaan K\u00e4ytt\u00e4j\u00e4n osalta Palvelun k\u00e4yt\u00f6n saa aloittaa vain vanhemman tai laillisen holhoojan etuk\u00e4teen antamalla suostumuksella. Palvelussa saattaa olla joitain ominaisuuksia, kuten maksamiseen liittyvi\u00e4 lis\u00e4palveluita, joiden k\u00e4yt\u00f6n aloittamiseen tarvitaan vanhemman tai laillisen holhoojan etuk\u00e4teen antama suostumus. Palveluun rekister\u00f6ityv\u00e4n on oltava oikeustoimikelpoinen.<\/p>\n<h4>3. Rekister\u00f6ityminen ja vastuu Palvelun k\u00e4yt\u00f6st\u00e4<\/h4>\n<p>Palvelun k\u00e4ytt\u00f6 edellytt\u00e4\u00e4 rekister\u00f6itymist\u00e4, joidenkin henkil\u00f6- sek\u00e4 muiden tietojen luovuttamista Cardu Globalille ennen kuin Palvelun k\u00e4ytt\u00f6 voidaan aloittaa. Rekister\u00f6ityminen edellytt\u00e4\u00e4 tiedonsiirtoa verkossa, ja tiedonsiirrosta saatetaan veloittaa K\u00e4ytt\u00e4j\u00e4lt\u00e4 mobiilidataan liittyvi\u00e4 maksuja.<br \/>\nK\u00e4ytt\u00e4j\u00e4 sitoutuu antamaan oikeat tiedot rekister\u00f6innin yhteydess\u00e4 sek\u00e4 pit\u00e4m\u00e4\u00e4n kyseiset tiedot ajan tasalla. K\u00e4ytt\u00e4j\u00e4n tulee noudattaa huolellisuutta k\u00e4ytt\u00e4j\u00e4tunnuksen ja salasanan sek\u00e4 mahdollisen pin-koodin s\u00e4ilytt\u00e4misess\u00e4 v\u00e4\u00e4rink\u00e4yt\u00f6sten v\u00e4ltt\u00e4miseksi, ja ilmoittaa Cardu Globalille viivytyksett\u00e4 kaikista v\u00e4\u00e4rink\u00e4yt\u00f6ksist\u00e4. K\u00e4ytt\u00e4j\u00e4 on henkil\u00f6kohtaisesti vastuussa Palvelun k\u00e4yt\u00f6st\u00e4. Alaik\u00e4isen osalta vanhempi tai laillinen holhooja on vastuussa K\u00e4ytt\u00e4j\u00e4n Palvelun k\u00e4yt\u00f6st\u00e4.<br \/>\nK\u00e4ytt\u00e4j\u00e4 voi milloin tahansa lopettaa rekister\u00f6itymisens\u00e4 ja palvelun k\u00e4yt\u00f6n. Rekister\u00f6innin lopettaminen tapahtuu l\u00e4hett\u00e4m\u00e4ll\u00e4 Cardu Globalille sit\u00e4 koskeva pyynt\u00f6 n\u00e4iden Ehtojen lopussa olevaan s\u00e4hk\u00f6postiosoitteeseen. Pelkk\u00e4 sovelluksen poisto K\u00e4ytt\u00e4j\u00e4n p\u00e4\u00e4telaitteesta ei lopeta rekister\u00f6ityneen\u00e4 oloa. Cardu Global voi lopettaa K\u00e4ytt\u00e4j\u00e4n rekister\u00f6itymisen tai rajoittaa p\u00e4\u00e4sy\u00e4 joihinkin Palvelun osiin, jos Cardu Globalilla on perusteltu syy uskoa K\u00e4ytt\u00e4j\u00e4n rikkoneen Ehtoja. Cardu Global voi lakkauttaa rekister\u00f6itymisen, jos K\u00e4ytt\u00e4j\u00e4 ei ole kirjautunut Palveluun viimeisen kuuden (6) kuukauden aikana.<\/p>\n<h4>4. Palvelun k\u00e4ytt\u00f6\u00e4 koskevat oikeudet ja rajoitukset<\/h4>\n<p>Palvelua on sallittua k\u00e4ytt\u00e4\u00e4 vain kulloinkin voimassa olevien Ehtojen ja soveltuvan lains\u00e4\u00e4d\u00e4nn\u00f6n sek\u00e4 Palvelussa mahdollisesti erikseen annettujen ohjeiden ja ehtojen mukaisesti. Cardu Global my\u00f6nt\u00e4\u00e4 K\u00e4ytt\u00e4j\u00e4lle n\u00e4iss\u00e4 Ehdoissa m\u00e4\u00e4ritellyn rajoitetun, ei-yksinomaisen, siirtokelvottoman k\u00e4ytt\u00f6oikeuden Palveluun ainoastaan K\u00e4ytt\u00e4j\u00e4n henkil\u00f6kohtaista k\u00e4ytt\u00f6\u00e4 varten, eik\u00e4 K\u00e4ytt\u00e4j\u00e4 saa osaksikaan k\u00e4ytt\u00e4\u00e4 Palvelua kaupallisiin tarkoituksiin. Cardu Global ei my\u00f6nn\u00e4 K\u00e4ytt\u00e4j\u00e4lle mit\u00e4\u00e4n muita oikeuksia Palveluun kuin n\u00e4iss\u00e4 Ehdoissa erikseen mainitut oikeudet.<br \/>\nK\u00e4ytt\u00e4j\u00e4ll\u00e4 on oikeus katsella ja selata Palvelua ja sen sis\u00e4lt\u00f6\u00e4 (j\u00e4ljemp\u00e4n\u00e4 \u201dSis\u00e4lt\u00f6\u201d) sek\u00e4 k\u00e4ytt\u00e4\u00e4 Palveluun sis\u00e4ltyvi\u00e4 ominaisuuksia. K\u00e4ytt\u00e4j\u00e4 ei saa muokata tai j\u00e4ljent\u00e4\u00e4 Palvelua tai Sis\u00e4lt\u00f6\u00e4 mill\u00e4\u00e4n tavoin eik\u00e4 osittainkaan sellaisenaan tai muokattuna jakaa, levitt\u00e4\u00e4, siirt\u00e4\u00e4, esitt\u00e4\u00e4 julkisesti tai muulla tavoin julkistaa Palvelua tai Sis\u00e4lt\u00f6\u00e4.<br \/>\nK\u00e4ytt\u00e4j\u00e4 ei saa k\u00e4ytt\u00e4\u00e4 Palvelua (i) lainvastaisiin toimiin; (ii) toimintaan, jonka tarkoituksena on keskeytt\u00e4\u00e4 Palvelun toiminta, vaikeuttaa toisten k\u00e4ytt\u00e4jien mahdollisuutta k\u00e4ytt\u00e4\u00e4 Palvelua tai muutoin h\u00e4irit\u00e4 Palvelun toimintaa (mm. viruksien, ajastettujen h\u00e4iri\u00f6ohjelmien tai muun Palvelun ohjelmalliseen rakenteeseen vaikuttamaan pystyvi\u00e4 osia sis\u00e4lt\u00e4v\u00e4n aineiston sijoittaminen Palveluun); (iii) muunlaiseen v\u00e4\u00e4rien tietojen antamiseen.<br \/>\nK\u00e4ytt\u00e4j\u00e4 ei saa l\u00e4hett\u00e4\u00e4, toimittaa tai julkaista Palvelussa mit\u00e4\u00e4n sellaista sis\u00e4lt\u00f6\u00e4 (mukaan lukien, mutta ei niihin rajoittuen, tekstit, kuvat, tykk\u00e4ykset ja tunnukset), joka on (i) lain tai hyv\u00e4n tavan vastaista tai muutoin julkaistavaksi soveltumatonta, (ii) kolmansien osapuolien oikeuksia loukkaavaa tai (iii) oikeudettomasti joitain tuotteita tai palveluja mainostavaa, eik\u00e4 muutoinkaan k\u00e4ytt\u00e4\u00e4 sis\u00e4ll\u00f6ntuotanto-ominaisuuksia sopimattomasti ja hyv\u00e4n tavan vastaisesti.<br \/>\nK\u00e4ytt\u00e4j\u00e4 vapauttaa Cardu Globalin ja sen kanssa kulloinkin samaan konserniin kuuluvat yhti\u00f6t sek\u00e4 kaikki niiden edustajat, johtajat ja toimihenkil\u00f6t vastuusta liittyen kaikkiin vaatimuksiin, jotka aiheutuvat k\u00e4ytt\u00e4j\u00e4n Palvelun k\u00e4ytt\u00e4misest\u00e4.<br \/>\nCardu Globalilla on oikeus milloin tahansa rajoittaa Palvelun tai sen toimintojen k\u00e4ytt\u00f6\u00e4 sek\u00e4 perustellusta syyst\u00e4 est\u00e4\u00e4 K\u00e4ytt\u00e4j\u00e4n p\u00e4\u00e4sy Palveluun. Cardu Global voi k\u00e4ytt\u00e4\u00e4 mainittuja oikeuksiaan ilman ennakkoilmoitusta ja korvausvelvollisuutta. Cardu Global pid\u00e4tt\u00e4\u00e4 lis\u00e4ksi oikeuden vedota kaikkiin n\u00e4iss\u00e4 Ehdoissa m\u00e4\u00e4riteltyjen rajoitusten rikkomisesta johtuviin laillisiin oikeuksiinsa.<\/p>\n<h4>5. Henkil\u00f6tietojen k\u00e4sittely<\/h4>\n<p>Cardu Global k\u00e4sittelee henkil\u00f6tietoja kulloinkin voimassa olevan henkil\u00f6tietolains\u00e4\u00e4d\u00e4nn\u00f6n sallimalla ja velvoittamalla tavalla toimien henkil\u00f6rekisterin rekisterinpit\u00e4j\u00e4n\u00e4. K\u00e4ytt\u00e4jien tietoja k\u00e4sitell\u00e4\u00e4n ja luovutetaan rekisteriselosteessa kuvatuin tavoin.<\/p>\n<h4>6. Palvelun k\u00e4ytt\u00f6\u00e4 kuvaavat tiedot<\/h4>\n<p>Cardu Global voi ker\u00e4t\u00e4 K\u00e4ytt\u00e4j\u00e4n p\u00e4\u00e4telaitetta koskevia ja Palvelun k\u00e4ytt\u00f6\u00e4 kuvaavia tietoja Palvelun k\u00e4yt\u00f6n kautta ja Palvelun taustalla olevan sovelluksen avulla.<br \/>\nStatistiikan ker\u00e4yksen tarkoituksena on analysoida ja kehitt\u00e4\u00e4 Palvelua, jotta se palvelee K\u00e4ytt\u00e4ji\u00e4 entist\u00e4 paremmin, sek\u00e4 hy\u00f6dynt\u00e4\u00e4 tietoja Palvelun k\u00e4vij\u00e4m\u00e4\u00e4rien tilastollisessa seurannassa ja erilaisessa Palvelun toimintojen tehon mittauksessa. Ker\u00e4tty\u00e4 tietoa voidaan k\u00e4ytt\u00e4\u00e4 my\u00f6s kohdennetun mainonnan tuottamiseen.<\/p>\n<h4>7. Paikkatiedot<\/h4>\n<p>K\u00e4ytt\u00e4j\u00e4 voi jakaa olinpaikkansa Palvelun ominaisuuksia k\u00e4ytt\u00e4m\u00e4ll\u00e4, jolloin K\u00e4ytt\u00e4j\u00e4 voi esimerkiksi vastaanottaa Palvelun kautta ajankohtaisia tarjouksia tahoilta, joiden liikkeet sijaitsevat K\u00e4ytt\u00e4j\u00e4n l\u00e4hell\u00e4. K\u00e4ytt\u00e4m\u00e4ll\u00e4 paikkatiedon jakamisominaisuuksia K\u00e4ytt\u00e4j\u00e4 hyv\u00e4ksyy, ett\u00e4 Cardu Global voi k\u00e4sitell\u00e4 ja luovuttaa kyseisi\u00e4 tietoja kolmansille tahoille ja muille palveluille paikkatietoihin perustuvien palvelujen tarjoamiseksi.<\/p>\n<h4>8. Immateriaalioikeudet<\/h4>\n<p>Palvelu ja Sis\u00e4lt\u00f6 ovat Cardu Globalin tai sen yhteisty\u00f6kumppaneiden omaisuutta, jota tekij\u00e4noikeuslait ja kansainv\u00e4liset tekij\u00e4noikeussopimukset suojaavat. Kaikki Palveluun ja Sis\u00e4lt\u00f6\u00f6n liittyv\u00e4t immateriaalioikeudet (mm. tekij\u00e4noikeudet, rekister\u00f6idyt ja rekister\u00f6im\u00e4tt\u00f6m\u00e4t tavaramerkki- ja mallioikeudet, domain-nimet, patentit, tietokantaoikeudet sek\u00e4 liikesalaisuudet) kuuluvat Cardu Globalille tai sen yhteisty\u00f6kumppaneille tai Palvelussa muuten ilmeneville tahoille. Kaikki oikeudet pid\u00e4tet\u00e4\u00e4n. Palvelun k\u00e4ytt\u00f6 ei anna K\u00e4ytt\u00e4j\u00e4lle immateriaalioikeuksia mihink\u00e4\u00e4n tietoon tai sis\u00e4lt\u00f6\u00f6n Palvelussa.<\/p>\n<h4>9. Linkit Palvelussa<\/h4>\n<p>Palvelussa on linkkej\u00e4 kolmansien osapuolien omistamiin ja yll\u00e4pit\u00e4miin internetsivustoihin, sovelluksiin tai palveluihin. Cardu Global ei valvo tai tarkista linkitettyjen sivustojen, sovellusten tai palveluiden sis\u00e4lt\u00f6\u00e4 eik\u00e4 vastaa niiden oikeellisuudesta, luotettavuudesta tai tietoturvasta. Linkkien sis\u00e4llytt\u00e4minen Palveluun ei my\u00f6sk\u00e4\u00e4n ole osoitus siit\u00e4, ett\u00e4 Cardu Global mill\u00e4\u00e4n lailla kannattaisi tai mainostaisi linkitetyn sivuston palveluita eik\u00e4 mit\u00e4\u00e4n muuta Cardu Globalin ja linkitetyn sivuston, sovelluksen tai palvelun v\u00e4lisest\u00e4 suhteesta. Linkitetyt sivustot, sovellukset tai palvelut eiv\u00e4t ole Palvelun osia eiv\u00e4tk\u00e4 ne ole mill\u00e4\u00e4n lailla Cardu Globalin hallinnassa. K\u00e4ytt\u00e4j\u00e4 ymm\u00e4rt\u00e4\u00e4 ja hyv\u00e4ksyy, ett\u00e4 linkkien k\u00e4ytt\u00e4minen siirt\u00e4\u00e4 k\u00e4ytt\u00e4j\u00e4n pois Palvelusta ja ett\u00e4 K\u00e4ytt\u00e4j\u00e4 k\u00e4ytt\u00e4\u00e4 linkitettyj\u00e4 sivustoja, sovelluksia ja palveluita omalla vastuullaan. K\u00e4ytt\u00e4j\u00e4n tulee tutustua huolellisesti linkitetyn sivuston, sovelluksen ja palvelun k\u00e4ytt\u00f6ehtoihin ja mahdollisiin muihin ohjeisiin ennen kyseisen aineiston k\u00e4yt\u00f6n aloittamista.<\/p>\n<h4>10. Maksut<\/h4>\n<p>Palvelun k\u00e4ytt\u00f6 sis\u00e4lt\u00e4\u00e4 tiedonsiirtoa, ja K\u00e4ytt\u00e4j\u00e4 vastaa maailmanlaajuisesti tiedonsiirrosta aiheutuvista kustannuksistaan, sek\u00e4 Palvelun k\u00e4ytt\u00f6\u00f6n mahdollisesti liittyvien teksti- tai kuvaviestien, puheluiden tai muiden vastaavien toimien aiheuttamista kustannuksista. Cardu Global ei vastaa tiedonsiirron tai muiden telepalveluiden tarjonneiden palveluntarjoajien veloittamista maksuista.<\/p>\n<h4>11. Tiedotteet<\/h4>\n<p>Palvelussa saatetaan aika ajoin julkaista tiedotteita, ja Cardu Global voi my\u00f6s l\u00e4hett\u00e4\u00e4 K\u00e4ytt\u00e4j\u00e4lle Palvelua koskevia tiedotteita K\u00e4ytt\u00e4j\u00e4n antamaan s\u00e4hk\u00f6postiosoitteeseen tai puhelinnumeroon. Tiedotteet katsotaan vastaanotetuiksi seitsem\u00e4n (7) p\u00e4iv\u00e4n kuluttua siit\u00e4, kun ne on l\u00e4hetetty K\u00e4ytt\u00e4j\u00e4lle tai sis\u00e4llytetty Palveluun. Mik\u00e4li K\u00e4ytt\u00e4j\u00e4 jatkaa Palvelun k\u00e4ytt\u00f6\u00e4, katsotaan K\u00e4ytt\u00e4j\u00e4n vastaanottaneen ilmoitukset l\u00e4hetystavasta riippumatta.<\/p>\n<h4>12. Mainonta<\/h4>\n<p>Palvelu, sen Sis\u00e4lt\u00f6 ja Palvelun perusteella tapahtuva viestint\u00e4 voivat sis\u00e4lt\u00e4\u00e4 mainoksia, ja ne ovat kiinte\u00e4 osa Palvelua.<\/p>\n<h4>13. Palvelun kehitt\u00e4misideat<\/h4>\n<p>Cardu Global ottaa K\u00e4ytt\u00e4jilt\u00e4 vastaan ideoita Palvelun kehitt\u00e4miseksi. Toimittamalla Cardu Globalille ideoita, ehdotuksia tai muuta palautetta Palvelun kautta tai muuta kautta, K\u00e4ytt\u00e4j\u00e4 hyv\u00e4ksyy sen ett\u00e4: (i) kyseinen palaute ei sis\u00e4ll\u00e4 luottamuksellista tai kenenk\u00e4\u00e4n yksinoikeudella omistamaa tietoa; (ii) Cardu Globalilla itsell\u00e4\u00e4n voi olla samankaltaisia kehitysideoita; (iii) Cardu Globalilla ei ole salassapitovelvollisuuksia K\u00e4ytt\u00e4j\u00e4n yhteydenottoihin ja ideoihin liittyen; (iv) Cardu Global voi vapaasti hy\u00f6dynt\u00e4\u00e4 ja jatkokehitt\u00e4\u00e4 K\u00e4ytt\u00e4j\u00e4lt\u00e4 vastaanottamiaan ideoita, ehdotuksia ja muuta palautetta mihin tahansa tarkoitukseen; ja (v) K\u00e4ytt\u00e4j\u00e4 ei ole oikeutettu korvaukseen Cardu Globalilta tai sen yhteisty\u00f6kumppaneilta.<\/p>\n<h4>14. Palvelun saatavuus ja tekniset edellytykset<\/h4>\n<p>Palvelun k\u00e4ytt\u00e4minen edellytt\u00e4\u00e4 tiettyjen Cardu Globalin tai kolmannen osapuolten kehitt\u00e4mien ohjelmistojen lataamista. Palvelu, jotkut sen ominaisuudet sek\u00e4 Palvelun toiminta voivat olla riippuvaisia verkkoyhteyksist\u00e4, k\u00e4ytett\u00e4vien laitteiden yhteensopivuudesta ja tuetuista sis\u00e4ll\u00f6n formaateista. Cardu Global julkaisee aika ajoin p\u00e4ivityksi\u00e4, jotka K\u00e4ytt\u00e4jien on suositeltavaa ladata p\u00e4\u00e4telaitteeseensa niist\u00e4 tiedon saatuaan. P\u00e4ivitysten lataamatta j\u00e4tt\u00e4minen voi johtaa siihen, ett\u00e4 Palvelua en\u00e4\u00e4 ole mahdollista k\u00e4ytt\u00e4\u00e4.<br \/>\nPalvelun saatavuus voi vaihdella ja on yksinomaan Cardu Globalin p\u00e4\u00e4tett\u00e4viss\u00e4, mukaan lukien palvelun maantieteellinen ja kielellinen saatavuus. Cardu Global ei takaa, ett\u00e4 Palvelu olisi saatavilla. Cardu Global voi yksinomaisen harkintansa mukaan muuttaa ja korjata Palvelua tai lopettaa sen kokonaisuudessaan tai osittain, sek\u00e4 keskeytt\u00e4\u00e4 Palvelun k\u00e4ytett\u00e4vyyden mm. huoltotaukojen aikana.<\/p>\n<h4>15. Vastuunrajoitukset<\/h4>\n<p>Cardu Global tarjoaa Palvelun ja Sis\u00e4ll\u00f6n \u201dsellaisina kuin ne ovat\u201d ilman mink\u00e4\u00e4nlaisia takuita. Cardu Global ei vastaa Palvelun keskeytyksett\u00f6m\u00e4st\u00e4, virheett\u00f6m\u00e4st\u00e4 ja oikea-aikaisesta k\u00e4ytett\u00e4vyydest\u00e4, toimivuudesta ja hy\u00f6dynnett\u00e4vyydest\u00e4. Cardu Global ei my\u00f6sk\u00e4\u00e4n vastaa Sis\u00e4ll\u00f6n tai Palvelussa n\u00e4kyvien, annettavien tai Palvelun kautta v\u00e4litett\u00e4vien tietojen oikeellisuudesta, luotettavuudesta, virheist\u00e4, puutteista, ep\u00e4tarkkuuksista tai muista vioista eik\u00e4 oikeuksien loukkaamattomuudesta.<br \/>\nCardu Global ei anna mit\u00e4\u00e4n takuita Palvelun suojauksesta tai siit\u00e4, ett\u00e4 Palvelun kautta l\u00e4hetett\u00e4v\u00e4t tiedotteet tai muut viestit tai aineistot eiv\u00e4t sis\u00e4ll\u00e4 viruksia tai muita haitallisia osia. Cardu Global ei voi taata Palvelun kautta l\u00e4hett\u00e4vien tietojen tietoturvaa. Cardu Global ei ole vastuussa K\u00e4ytt\u00e4j\u00e4n l\u00e4hett\u00e4mist\u00e4 tai vastaanottamista taikka l\u00e4hett\u00e4m\u00e4tt\u00e4 tai vastaanottamatta j\u00e4\u00e4neist\u00e4 tiedoista.<br \/>\nK\u00e4ytt\u00e4j\u00e4 ymm\u00e4rt\u00e4\u00e4 ja sitoutuu siihen, ett\u00e4 h\u00e4n k\u00e4ytt\u00e4\u00e4 Palvelua omalla riskill\u00e4\u00e4n.<br \/>\nCardu Global ei ole vastuussa mist\u00e4\u00e4n suorista, ep\u00e4suorista, v\u00e4litt\u00f6mist\u00e4 tai v\u00e4lillisist\u00e4 tai vahingonkorvausvelvollisuuteen perustuvista vahingoista tai erityisvahingoista (mukaan lukien mm. liiketoiminnan, sopimuksen, tuoton tai tietojen menett\u00e4misest\u00e4 tai liiketoiminnan keskeytymisest\u00e4 aiheutuvat vahingot), jotka johtuvat Palvelun tai Sis\u00e4ll\u00f6n k\u00e4ytt\u00e4misest\u00e4 tai k\u00e4yt\u00f6n estymisest\u00e4 tai n\u00e4ist\u00e4 Ehdoista, riippumatta siit\u00e4, perustuvatko vahingot sopimukseen, oikeuden loukkaukseen, huolimattomuuteen tai muuhun perusteeseen, vaikka Cardu Globalille olisi etuk\u00e4teen ilmoitettu t\u00e4llaisten vahinkojen mahdollisuudesta.<\/p>\n<h4>16. Vahingonkorvaukset<\/h4>\n<p>K\u00e4ytt\u00e4j\u00e4 sitoutuu korvaamaan Cardu Globalille kaikki kustannukset, vahingot ja tappiot, joita Cardu Globalille aiheutuu kolmansien tahojen esitt\u00e4mist\u00e4 vaatimuksista, jotka perustuvat siihen, ett\u00e4 K\u00e4ytt\u00e4j\u00e4 rikkoo Ehtoja tai K\u00e4ytt\u00e4j\u00e4 mahdollistaa kolmannen osapuolen v\u00e4\u00e4rink\u00e4ytt\u00e4\u00e4 Palvelua siten, ett\u00e4 K\u00e4ytt\u00e4j\u00e4 ei ole riitt\u00e4v\u00e4ll\u00e4 tavalla suojannut k\u00e4ytt\u00e4j\u00e4tunnustaan, salasanaansa ja pin-koodiaan v\u00e4\u00e4rink\u00e4yt\u00f6ksilt\u00e4.<\/p>\n<h4>17. Sovellettava lains\u00e4\u00e4d\u00e4nt\u00f6<\/h4>\n<p>N\u00e4ihin Ehtoihin sovelletaan Suomen lakia, lukuun ottamatta sen lainvalintas\u00e4\u00e4nn\u00f6ksi\u00e4. Osapuolet pyrkiv\u00e4t ensisijaisesti neuvotteluteitse ratkaisemaan n\u00e4ist\u00e4 Ehdoista tai niiden soveltamisesta aiheutuvat erimielisyydet. Mik\u00e4li neuvottelut eiv\u00e4t johda sovintoratkaisuun, erimielisyydet ratkaistaan Suomessa Helsingin k\u00e4r\u00e4j\u00e4oikeudessa. Kuluttajak\u00e4ytt\u00e4j\u00e4 voi vied\u00e4 erimielisyyden my\u00f6s kotipaikkansa k\u00e4r\u00e4j\u00e4oikeuden tai kuluttajariitalautakunnan ratkaistavaksi.<\/p>\n<h4>18. Ehtojen p\u00e4tevyys<\/h4>\n<p>N\u00e4ill\u00e4 Ehdoilla ei rajoiteta mit\u00e4\u00e4n sellaisia K\u00e4ytt\u00e4j\u00e4n asuinmaan pakottavan lains\u00e4\u00e4d\u00e4nn\u00f6n mukaisia oikeuksia, joista K\u00e4ytt\u00e4j\u00e4 ei lain mukaan voi luopua. Jos jokin Ehtoihin sis\u00e4ltyvist\u00e4 seikoista todetaan lainvoimaisella p\u00e4\u00e4t\u00f6ksell\u00e4 p\u00e4tem\u00e4tt\u00f6m\u00e4ksi, ei sill\u00e4 ole vaikutusta Ehtoihin muuten, ja p\u00e4tem\u00e4tt\u00f6m\u00e4ksi todettu ehto korvataan Ehtojen tarkoitusta l\u00e4hinn\u00e4 olevalla p\u00e4tev\u00e4ll\u00e4 ehdolla. Osa Ehdoista on sellaisia, ett\u00e4 niiden on tarkoitus j\u00e4\u00e4d\u00e4 ja ne j\u00e4\u00e4v\u00e4t voimaan senkin j\u00e4lkeen, kun K\u00e4ytt\u00e4j\u00e4n rekister\u00f6ityminen on p\u00e4\u00e4ttynyt.<\/p>\n<h4>19. Muutokset Ehtoihin ja siirrett\u00e4vyys<\/h4>\n<p>Cardu Global pid\u00e4tt\u00e4\u00e4 oikeuden harkintansa mukaan muuttaa n\u00e4it\u00e4 Ehtoja. Ehtojen muutokset tulevat voimaan, kun muutoksista on ilmoitettu Palvelussa, jonka j\u00e4lkeen niit\u00e4 sovelletaan K\u00e4ytt\u00e4j\u00e4n toimintoihin Palvelussa.<br \/>\nCardu Global voi siirt\u00e4\u00e4 n\u00e4iden Ehtojen alaiset oikeutensa ja velvollisuutensa mille tahansa sen konserniyhti\u00f6lle, ja lis\u00e4ksi Cardu Global voi siirt\u00e4\u00e4 n\u00e4iden Ehtojen alaiset oikeutensa kolmannelle osapuolelle liiketoiminnan myynnin, fuusion tai muun yritysj\u00e4rjestelyn yhteydess\u00e4 taikka muutoin lain mukaisesti.<\/p>\n<h4>20. Palvelun yll\u00e4pit\u00e4j\u00e4<\/h4>\n<p>Palvelua yll\u00e4pit\u00e4\u00e4:<\/p>\n<p>Cardu Global Oy<br \/>\nMerikoskenkatu 7 B 52, 90500 Oulu<br \/>\ny-tunnus: 2303055-2<br \/>\nS-posti: support@cardu.com<\/p>\n","protected":false},"excerpt":{"rendered":"<p>Cardu Global Oy:n Cardu-palvelun k\u00e4ytt\u00f6ehdot Voimassa 5.11.2012 l\u00e4htien 1. Yleist\u00e4 N\u00e4m\u00e4 ovat Cardu Global Oy:n (j\u00e4ljemp\u00e4n\u00e4 \u201dCardu Global\u201d) Cardu mobiilikortti-palvelun ja siihen liittyv\u00e4n sovelluksen, sivuston, sis\u00e4ll\u00f6n sek\u00e4 ohjelmiston (j\u00e4ljemp\u00e4n\u00e4 \u201dPalvelu\u201d) k\u00e4ytt\u00f6\u00e4 koskevat yleiset ehdot (j\u00e4ljemp\u00e4n\u00e4 \u201dEhdot\u201d). Palvelun k\u00e4ytt\u00e4j\u00e4n (j\u00e4ljemp\u00e4n\u00e4 \u201dK\u00e4ytt\u00e4j\u00e4\u201d) tulee tutustua huolellisesti n\u00e4ihin Ehtoihin ennen Palvelun k\u00e4ytt\u00e4mist\u00e4. Ehtoja sovelletaan kaikkiin k\u00e4ytt\u00e4j\u00e4n toimiin Palvelussa. K\u00e4ytt\u00e4m\u00e4ll\u00e4 [&hellip;]<\/p>\n","protected":false},"author":1,"featured_media":0,"parent":0,"menu_order":0,"comment_status":"closed","ping_status":"closed","template":"","meta":{"footnotes":""},"acf":[],"yoast_head":"<!-- This site is optimized with the Yoast SEO plugin v20.11 - https:\/\/yoast.com\/wordpress\/plugins\/seo\/ -->\n<title>Sundukan Cardu-palvelun k\u00e4ytt\u00f6ehdot - Cardu<\/title>\n<meta name=\"description\" content=\"Sunduka Oy:n Cardu mobiilikortti-palvelun ja siihen liittyv\u00e4n sovelluksen, sivuston, sis\u00e4ll\u00f6n sek\u00e4 ohjelmiston k\u00e4ytt\u00f6\u00e4 koskevat yleiset k\u00e4ytt\u00f6ehdot.\" \/>\n<meta name=\"robots\" content=\"index, follow, max-snippet:-1, max-image-preview:large, max-video-preview:-1\" \/>\n<link rel=\"canonical\" href=\"https:\/\/www.cardu.com\/en\/kayttoehdot-kayttaja\/\" \/>\n<meta property=\"og:locale\" content=\"fi_FI\" \/>\n<meta property=\"og:type\" content=\"article\" \/>\n<meta property=\"og:title\" content=\"Sundukan Cardu-palvelun k\u00e4ytt\u00f6ehdot - Cardu\" \/>\n<meta property=\"og:description\" content=\"Sunduka Oy:n Cardu mobiilikortti-palvelun ja siihen liittyv\u00e4n sovelluksen, sivuston, sis\u00e4ll\u00f6n sek\u00e4 ohjelmiston k\u00e4ytt\u00f6\u00e4 koskevat yleiset k\u00e4ytt\u00f6ehdot.\" \/>\n<meta property=\"og:url\" content=\"https:\/\/www.cardu.com\/en\/kayttoehdot-kayttaja\/\" \/>\n<meta property=\"og:site_name\" content=\"Cardu\" \/>\n<meta property=\"article:modified_time\" content=\"2023-10-02T07:12:42+00:00\" \/>\n<meta name=\"twitter:card\" content=\"summary_large_image\" \/>\n<meta name=\"twitter:label1\" content=\"Arvioitu lukuaika\" \/>\n\t<meta name=\"twitter:data1\" content=\"14 minuuttia\" \/>\n<script type=\"application\/ld+json\" class=\"yoast-schema-graph\">{\"@context\":\"https:\/\/schema.org\",\"@graph\":[{\"@type\":\"WebPage\",\"@id\":\"https:\/\/www.cardu.com\/en\/kayttoehdot-kayttaja\/\",\"url\":\"https:\/\/www.cardu.com\/en\/kayttoehdot-kayttaja\/\",\"name\":\"Sundukan Cardu-palvelun k\u00e4ytt\u00f6ehdot - Cardu\",\"isPartOf\":{\"@id\":\"https:\/\/www.cardu.com\/#website\"},\"datePublished\":\"2019-02-27T13:33:26+00:00\",\"dateModified\":\"2023-10-02T07:12:42+00:00\",\"description\":\"Sunduka Oy:n Cardu mobiilikortti-palvelun ja siihen liittyv\u00e4n sovelluksen, sivuston, sis\u00e4ll\u00f6n sek\u00e4 ohjelmiston k\u00e4ytt\u00f6\u00e4 koskevat yleiset k\u00e4ytt\u00f6ehdot.\",\"breadcrumb\":{\"@id\":\"https:\/\/www.cardu.com\/en\/kayttoehdot-kayttaja\/#breadcrumb\"},\"inLanguage\":\"fi\",\"potentialAction\":[{\"@type\":\"ReadAction\",\"target\":[\"https:\/\/www.cardu.com\/en\/kayttoehdot-kayttaja\/\"]}]},{\"@type\":\"BreadcrumbList\",\"@id\":\"https:\/\/www.cardu.com\/en\/kayttoehdot-kayttaja\/#breadcrumb\",\"itemListElement\":[{\"@type\":\"ListItem\",\"position\":1,\"name\":\"Home\",\"item\":\"https:\/\/www.cardu.com\/fi\/\"},{\"@type\":\"ListItem\",\"position\":2,\"name\":\"K\u00e4ytt\u00f6ehdot, k\u00e4ytt\u00e4j\u00e4\"}]},{\"@type\":\"WebSite\",\"@id\":\"https:\/\/www.cardu.com\/#website\",\"url\":\"https:\/\/www.cardu.com\/\",\"name\":\"Cardu\",\"description\":\"Rikastuta el\u00e4m\u00e4\u00e4\",\"potentialAction\":[{\"@type\":\"SearchAction\",\"target\":{\"@type\":\"EntryPoint\",\"urlTemplate\":\"https:\/\/www.cardu.com\/?s={search_term_string}\"},\"query-input\":\"required name=search_term_string\"}],\"inLanguage\":\"fi\"}]}<\/script>\n<!-- \/ Yoast SEO plugin. -->","yoast_head_json":{"title":"Sundukan Cardu-palvelun k\u00e4ytt\u00f6ehdot - Cardu","description":"Sunduka Oy:n Cardu mobiilikortti-palvelun ja siihen liittyv\u00e4n sovelluksen, sivuston, sis\u00e4ll\u00f6n sek\u00e4 ohjelmiston k\u00e4ytt\u00f6\u00e4 koskevat yleiset k\u00e4ytt\u00f6ehdot.","robots":{"index":"index","follow":"follow","max-snippet":"max-snippet:-1","max-image-preview":"max-image-preview:large","max-video-preview":"max-video-preview:-1"},"canonical":"https:\/\/www.cardu.com\/en\/kayttoehdot-kayttaja\/","og_locale":"fi_FI","og_type":"article","og_title":"Sundukan Cardu-palvelun k\u00e4ytt\u00f6ehdot - Cardu","og_description":"Sunduka Oy:n Cardu mobiilikortti-palvelun ja siihen liittyv\u00e4n sovelluksen, sivuston, sis\u00e4ll\u00f6n sek\u00e4 ohjelmiston k\u00e4ytt\u00f6\u00e4 koskevat yleiset k\u00e4ytt\u00f6ehdot.","og_url":"https:\/\/www.cardu.com\/en\/kayttoehdot-kayttaja\/","og_site_name":"Cardu","article_modified_time":"2023-10-02T07:12:42+00:00","twitter_card":"summary_large_image","twitter_misc":{"Arvioitu lukuaika":"14 minuuttia"},"schema":{"@context":"https:\/\/schema.org","@graph":[{"@type":"WebPage","@id":"https:\/\/www.cardu.com\/en\/kayttoehdot-kayttaja\/","url":"https:\/\/www.cardu.com\/en\/kayttoehdot-kayttaja\/","name":"Sundukan Cardu-palvelun k\u00e4ytt\u00f6ehdot - Cardu","isPartOf":{"@id":"https:\/\/www.cardu.com\/#website"},"datePublished":"2019-02-27T13:33:26+00:00","dateModified":"2023-10-02T07:12:42+00:00","description":"Sunduka Oy:n Cardu mobiilikortti-palvelun ja siihen liittyv\u00e4n sovelluksen, sivuston, sis\u00e4ll\u00f6n sek\u00e4 ohjelmiston k\u00e4ytt\u00f6\u00e4 koskevat yleiset k\u00e4ytt\u00f6ehdot.","breadcrumb":{"@id":"https:\/\/www.cardu.com\/en\/kayttoehdot-kayttaja\/#breadcrumb"},"inLanguage":"fi","potentialAction":[{"@type":"ReadAction","target":["https:\/\/www.cardu.com\/en\/kayttoehdot-kayttaja\/"]}]},{"@type":"BreadcrumbList","@id":"https:\/\/www.cardu.com\/en\/kayttoehdot-kayttaja\/#breadcrumb","itemListElement":[{"@type":"ListItem","position":1,"name":"Home","item":"https:\/\/www.cardu.com\/fi\/"},{"@type":"ListItem","position":2,"name":"K\u00e4ytt\u00f6ehdot, k\u00e4ytt\u00e4j\u00e4"}]},{"@type":"WebSite","@id":"https:\/\/www.cardu.com\/#website","url":"https:\/\/www.cardu.com\/","name":"Cardu","description":"Rikastuta el\u00e4m\u00e4\u00e4","potentialAction":[{"@type":"SearchAction","target":{"@type":"EntryPoint","urlTemplate":"https:\/\/www.cardu.com\/?s={search_term_string}"},"query-input":"required name=search_term_string"}],"inLanguage":"fi"}]}},"_links":{"self":[{"href":"https:\/\/www.cardu.com\/fi\/wp-json\/wp\/v2\/pages\/233"}],"collection":[{"href":"https:\/\/www.cardu.com\/fi\/wp-json\/wp\/v2\/pages"}],"about":[{"href":"https:\/\/www.cardu.com\/fi\/wp-json\/wp\/v2\/types\/page"}],"author":[{"embeddable":true,"href":"https:\/\/www.cardu.com\/fi\/wp-json\/wp\/v2\/users\/1"}],"replies":[{"embeddable":true,"href":"https:\/\/www.cardu.com\/fi\/wp-json\/wp\/v2\/comments?post=233"}],"version-history":[{"count":10,"href":"https:\/\/www.cardu.com\/fi\/wp-json\/wp\/v2\/pages\/233\/revisions"}],"predecessor-version":[{"id":1072,"href":"https:\/\/www.cardu.com\/fi\/wp-json\/wp\/v2\/pages\/233\/revisions\/1072"}],"wp:attachment":[{"href":"https:\/\/www.cardu.com\/fi\/wp-json\/wp\/v2\/media?parent=233"}],"curies":[{"name":"wp","href":"https:\/\/api.w.org\/{rel}","templated":true}]}}