{"id":841,"date":"2020-10-02T13:18:21","date_gmt":"2020-10-02T10:18:21","guid":{"rendered":"https:\/\/www.cardu.com\/en\/?page_id=841"},"modified":"2020-10-12T15:20:42","modified_gmt":"2020-10-12T12:20:42","slug":"mara","status":"publish","type":"page","link":"https:\/\/www.cardu.com\/en\/mara\/","title":{"rendered":"Tourism and Restaurant Services"},"content":{"rendered":"","protected":false},"excerpt":{"rendered":"","protected":false},"author":1,"featured_media":0,"parent":0,"menu_order":0,"comment_status":"closed","ping_status":"closed","template":"cardu-b2b-mara.php","meta":{"footnotes":""},"acf":[],"yoast_head":"<!-- This site is optimized with the Yoast SEO plugin v20.11 - https:\/\/yoast.com\/wordpress\/plugins\/seo\/ -->\n<title>Tourism and Restaurant Services - Cardu<\/title>\n<meta name=\"description\" content=\"Tourism and Restaurant Services\" \/>\n<meta name=\"robots\" content=\"index, follow, max-snippet:-1, max-image-preview:large, max-video-preview:-1\" \/>\n<link rel=\"canonical\" href=\"https:\/\/www.cardu.com\/fi\/mara\/\" \/>\n<meta property=\"og:locale\" content=\"en_US\" \/>\n<meta property=\"og:type\" content=\"article\" \/>\n<meta property=\"og:title\" content=\"Tourism and Restaurant Services\" \/>\n<meta property=\"og:description\" content=\"Tourism and Restaurant Services\" \/>\n<meta property=\"og:url\" content=\"https:\/\/www.cardu.com\/fi\/mara\/\" \/>\n<meta property=\"og:site_name\" content=\"Cardu\" \/>\n<meta property=\"article:modified_time\" content=\"2020-10-12T12:20:42+00:00\" \/>\n<meta name=\"twitter:card\" content=\"summary_large_image\" \/>\n<script type=\"application\/ld+json\" class=\"yoast-schema-graph\">{\"@context\":\"https:\/\/schema.org\",\"@graph\":[{\"@type\":\"WebPage\",\"@id\":\"https:\/\/www.cardu.com\/fi\/mara\/\",\"url\":\"https:\/\/www.cardu.com\/fi\/mara\/\",\"name\":\"[:fi]Matkailu- ja Ravintolapalvelut[:en]Tourism and Restaurant Services[:] - Cardu\",\"isPartOf\":{\"@id\":\"https:\/\/www.cardu.com\/#website\"},\"datePublished\":\"2020-10-02T10:18:21+00:00\",\"dateModified\":\"2020-10-12T12:20:42+00:00\",\"description\":\"[:fi]Matkailu- ja Ravintolapalvelut[:en]Tourism and Restaurant Services[:] - Cardu kantiskorttisi k\u00e4nnyk\u00e4ss\u00e4. K\u00e4tev\u00e4\u00e4 ja ketter\u00e4\u00e4 sinulle ja asiakkaillesi.\",\"breadcrumb\":{\"@id\":\"https:\/\/www.cardu.com\/fi\/mara\/#breadcrumb\"},\"inLanguage\":\"en-US\",\"potentialAction\":[{\"@type\":\"ReadAction\",\"target\":[\"https:\/\/www.cardu.com\/fi\/mara\/\"]}]},{\"@type\":\"BreadcrumbList\",\"@id\":\"https:\/\/www.cardu.com\/fi\/mara\/#breadcrumb\",\"itemListElement\":[{\"@type\":\"ListItem\",\"position\":1,\"name\":\"Home\",\"item\":\"https:\/\/www.cardu.com\/fi\/\"},{\"@type\":\"ListItem\",\"position\":2,\"name\":\"Matkailu- ja Ravintolapalvelut\"}]},{\"@type\":\"WebSite\",\"@id\":\"https:\/\/www.cardu.com\/#website\",\"url\":\"https:\/\/www.cardu.com\/\",\"name\":\"Cardu\",\"description\":\"Enrich life\",\"potentialAction\":[{\"@type\":\"SearchAction\",\"target\":{\"@type\":\"EntryPoint\",\"urlTemplate\":\"https:\/\/www.cardu.com\/?s={search_term_string}\"},\"query-input\":\"required name=search_term_string\"}],\"inLanguage\":\"en-US\"}]}<\/script>\n<!-- \/ Yoast SEO plugin. -->","yoast_head_json":{"title":"Tourism and Restaurant Services - Cardu","description":"[:fi]Matkailu- ja Ravintolapalvelut[:en]Tourism and Restaurant Services[:] - Cardu kantiskorttisi k\u00e4nnyk\u00e4ss\u00e4. K\u00e4tev\u00e4\u00e4 ja ketter\u00e4\u00e4 sinulle ja asiakkaillesi.","robots":{"index":"index","follow":"follow","max-snippet":"max-snippet:-1","max-image-preview":"max-image-preview:large","max-video-preview":"max-video-preview:-1"},"canonical":"https:\/\/www.cardu.com\/fi\/mara\/","og_locale":"en_US","og_type":"article","og_title":"[:fi]Matkailu- ja Ravintolapalvelut[:en]Tourism and Restaurant Services[:] - Cardu","og_description":"[:fi]Matkailu- ja Ravintolapalvelut[:en]Tourism and Restaurant Services[:] - Cardu kantiskorttisi k\u00e4nnyk\u00e4ss\u00e4. K\u00e4tev\u00e4\u00e4 ja ketter\u00e4\u00e4 sinulle ja asiakkaillesi.","og_url":"https:\/\/www.cardu.com\/fi\/mara\/","og_site_name":"Cardu","article_modified_time":"2020-10-12T12:20:42+00:00","twitter_card":"summary_large_image","schema":{"@context":"https:\/\/schema.org","@graph":[{"@type":"WebPage","@id":"https:\/\/www.cardu.com\/fi\/mara\/","url":"https:\/\/www.cardu.com\/fi\/mara\/","name":"[:fi]Matkailu- ja Ravintolapalvelut[:en]Tourism and Restaurant Services[:] - Cardu","isPartOf":{"@id":"https:\/\/www.cardu.com\/#website"},"datePublished":"2020-10-02T10:18:21+00:00","dateModified":"2020-10-12T12:20:42+00:00","description":"[:fi]Matkailu- ja Ravintolapalvelut[:en]Tourism and Restaurant Services[:] - Cardu kantiskorttisi k\u00e4nnyk\u00e4ss\u00e4. K\u00e4tev\u00e4\u00e4 ja ketter\u00e4\u00e4 sinulle ja asiakkaillesi.","breadcrumb":{"@id":"https:\/\/www.cardu.com\/fi\/mara\/#breadcrumb"},"inLanguage":"en-US","potentialAction":[{"@type":"ReadAction","target":["https:\/\/www.cardu.com\/fi\/mara\/"]}]},{"@type":"BreadcrumbList","@id":"https:\/\/www.cardu.com\/fi\/mara\/#breadcrumb","itemListElement":[{"@type":"ListItem","position":1,"name":"Home","item":"https:\/\/www.cardu.com\/fi\/"},{"@type":"ListItem","position":2,"name":"Matkailu- ja Ravintolapalvelut"}]},{"@type":"WebSite","@id":"https:\/\/www.cardu.com\/#website","url":"https:\/\/www.cardu.com\/","name":"Cardu","description":"Enrich life","potentialAction":[{"@type":"SearchAction","target":{"@type":"EntryPoint","urlTemplate":"https:\/\/www.cardu.com\/?s={search_term_string}"},"query-input":"required name=search_term_string"}],"inLanguage":"en-US"}]}},"_links":{"self":[{"href":"https:\/\/www.cardu.com\/en\/wp-json\/wp\/v2\/pages\/841"}],"collection":[{"href":"https:\/\/www.cardu.com\/en\/wp-json\/wp\/v2\/pages"}],"about":[{"href":"https:\/\/www.cardu.com\/en\/wp-json\/wp\/v2\/types\/page"}],"author":[{"embeddable":true,"href":"https:\/\/www.cardu.com\/en\/wp-json\/wp\/v2\/users\/1"}],"replies":[{"embeddable":true,"href":"https:\/\/www.cardu.com\/en\/wp-json\/wp\/v2\/comments?post=841"}],"version-history":[{"count":14,"href":"https:\/\/www.cardu.com\/en\/wp-json\/wp\/v2\/pages\/841\/revisions"}],"predecessor-version":[{"id":865,"href":"https:\/\/www.cardu.com\/en\/wp-json\/wp\/v2\/pages\/841\/revisions\/865"}],"wp:attachment":[{"href":"https:\/\/www.cardu.com\/en\/wp-json\/wp\/v2\/media?parent=841"}],"curies":[{"name":"wp","href":"https:\/\/api.w.org\/{rel}","templated":true}]}}